{"id":17584,"date":"2024-03-26T13:54:00","date_gmt":"2024-03-26T18:54:00","guid":{"rendered":"https:\/\/papayotetravel.com\/?page_id=17584"},"modified":"2024-09-19T10:50:39","modified_gmt":"2024-09-19T15:50:39","slug":"acerca-de-sur-colombiano","status":"publish","type":"page","link":"https:\/\/papayotetravel.com\/es\/acerca-colombia\/acerca-de-sur-colombiano\/","title":{"rendered":"Acerca de Sur Colombiano"},"content":{"rendered":"\t\t<div data-elementor-type=\"wp-page\" data-elementor-id=\"17584\" class=\"elementor elementor-17584\" data-elementor-post-type=\"page\">\n\t\t\t\t<div class=\"elementor-element elementor-element-7839109f e-con-full e-flex e-con e-parent\" data-id=\"7839109f\" data-element_type=\"container\" data-e-type=\"container\" data-settings=\"{&quot;background_background&quot;:&quot;classic&quot;}\">\n\t\t<div class=\"elementor-element elementor-element-7665ce1d e-con-full e-flex e-con e-child\" data-id=\"7665ce1d\" data-element_type=\"container\" data-e-type=\"container\">\n\t\t\t\t<div class=\"elementor-element elementor-element-6d074ea8 elementor-widget elementor-widget-heading\" data-id=\"6d074ea8\" data-element_type=\"widget\" data-e-type=\"widget\" data-widget_type=\"heading.default\">\n\t\t\t\t<div class=\"elementor-widget-container\">\n\t\t\t\t\t<h4 class=\"elementor-heading-title elementor-size-default\">\u00a1Vive<\/h4>\t\t\t\t<\/div>\n\t\t\t\t<\/div>\n\t\t\t\t<div class=\"elementor-element elementor-element-2e7a8e74 elementor-widget elementor-widget-heading\" data-id=\"2e7a8e74\" data-element_type=\"widget\" data-e-type=\"widget\" data-widget_type=\"heading.default\">\n\t\t\t\t<div class=\"elementor-widget-container\">\n\t\t\t\t\t<h2 class=\"elementor-heading-title elementor-size-default\">Sur Colombiano!<\/h2>\t\t\t\t<\/div>\n\t\t\t\t<\/div>\n\t\t\t\t<div class=\"elementor-element elementor-element-2f8e1da elementor-widget elementor-widget-heading\" data-id=\"2f8e1da\" data-element_type=\"widget\" data-e-type=\"widget\" data-widget_type=\"heading.default\">\n\t\t\t\t<div class=\"elementor-widget-container\">\n\t\t\t\t\t<h4 class=\"elementor-heading-title elementor-size-default\">Nuestra frontera es memorable<\/h4>\t\t\t\t<\/div>\n\t\t\t\t<\/div>\n\t\t\t\t<\/div>\n\t\t\t\t<\/div>\n\t\t<div class=\"elementor-element elementor-element-60735f9e e-grid e-con-boxed e-con e-parent\" data-id=\"60735f9e\" data-element_type=\"container\" data-e-type=\"container\" data-settings=\"{&quot;background_background&quot;:&quot;classic&quot;}\">\n\t\t\t\t\t<div class=\"e-con-inner\">\n\t\t<div class=\"elementor-element elementor-element-53964f81 e-con-full e-flex e-con e-child\" data-id=\"53964f81\" data-element_type=\"container\" data-e-type=\"container\">\n\t\t<div class=\"elementor-element elementor-element-5fa66a52 e-con-full e-flex e-con e-child\" data-id=\"5fa66a52\" data-element_type=\"container\" data-e-type=\"container\">\n\t\t\t\t<div class=\"elementor-element elementor-element-62bcc8d5 elementor-widget__width-auto elementor-widget-tablet__width-inherit elementor-widget elementor-widget-text-editor\" data-id=\"62bcc8d5\" data-element_type=\"widget\" data-e-type=\"widget\" data-widget_type=\"text-editor.default\">\n\t\t\t\t<div class=\"elementor-widget-container\">\n\t\t\t\t\t\t\t\t\t2600 m de atura\t\t\t\t\t\t\t\t<\/div>\n\t\t\t\t<\/div>\n\t\t\t\t<div class=\"elementor-element elementor-element-29b87231 elementor-widget__width-initial elementor-widget elementor-widget-text-editor\" data-id=\"29b87231\" data-element_type=\"widget\" data-e-type=\"widget\" data-widget_type=\"text-editor.default\">\n\t\t\t\t<div class=\"elementor-widget-container\">\n\t\t\t\t\t\t\t\t\t\u00a1Somos el Sur Colombiano!\t\t\t\t\t\t\t\t<\/div>\n\t\t\t\t<\/div>\n\t\t\t\t<\/div>\n\t\t\t\t<div class=\"elementor-element elementor-element-2dee3f83 elementor-widget__width-inherit elementor-widget elementor-widget-text-editor\" data-id=\"2dee3f83\" data-element_type=\"widget\" data-e-type=\"widget\" data-widget_type=\"text-editor.default\">\n\t\t\t\t<div class=\"elementor-widget-container\">\n\t\t\t\t\t\t\t\t\t<p><span style=\"font-weight: 400;\">Emb\u00e1rcate en un viaje cautivador al sur de Colombia,valles verdes y volcanes crean un paisaje memorable.<\/span><\/p>\t\t\t\t\t\t\t\t<\/div>\n\t\t\t\t<\/div>\n\t\t\t\t<\/div>\n\t\t<div class=\"elementor-element elementor-element-2af57080 e-con-full e-flex e-con e-child\" data-id=\"2af57080\" data-element_type=\"container\" data-e-type=\"container\">\n\t\t\t\t<div class=\"elementor-element elementor-element-59989538 elementor-widget__width-inherit elementor-widget elementor-widget-image\" data-id=\"59989538\" data-element_type=\"widget\" data-e-type=\"widget\" data-widget_type=\"image.default\">\n\t\t\t\t<div class=\"elementor-widget-container\">\n\t\t\t\t\t\t\t\t\t\t\t\t\t\t\t<img decoding=\"async\" src=\"https:\/\/papayotetravel.com\/wp-content\/uploads\/2024\/06\/sur_colombia.png\" title=\"sur_colombia\" alt=\"sur_colombia\" loading=\"lazy\" \/>\t\t\t\t\t\t\t\t\t\t\t\t\t\t\t<\/div>\n\t\t\t\t<\/div>\n\t\t\t\t<\/div>\n\t\t\t\t\t<\/div>\n\t\t\t\t<\/div>\n\t\t<div class=\"elementor-element elementor-element-47a5cbfd e-flex e-con-boxed e-con e-parent\" data-id=\"47a5cbfd\" data-element_type=\"container\" data-e-type=\"container\">\n\t\t\t\t\t<div class=\"e-con-inner\">\n\t\t<div class=\"elementor-element elementor-element-4a2c220e e-con-full e-flex e-con e-child\" data-id=\"4a2c220e\" data-element_type=\"container\" data-e-type=\"container\">\n\t\t\t\t<div class=\"elementor-element elementor-element-5c6a46b6 elementor-widget elementor-widget-image\" data-id=\"5c6a46b6\" data-element_type=\"widget\" data-e-type=\"widget\" data-widget_type=\"image.default\">\n\t\t\t\t<div class=\"elementor-widget-container\">\n\t\t\t\t\t\t\t\t\t\t\t\t\t\t\t<img fetchpriority=\"high\" decoding=\"async\" width=\"1800\" height=\"1200\" src=\"https:\/\/papayotetravel.com\/wp-content\/uploads\/2024\/06\/pasto_ciudad_termal_laguna.jpg\" class=\"attachment-full size-full wp-image-18021\" alt=\"\" srcset=\"https:\/\/papayotetravel.com\/wp-content\/uploads\/2024\/06\/pasto_ciudad_termal_laguna.jpg 1800w, https:\/\/papayotetravel.com\/wp-content\/uploads\/2024\/06\/pasto_ciudad_termal_laguna-300x200.jpg 300w, https:\/\/papayotetravel.com\/wp-content\/uploads\/2024\/06\/pasto_ciudad_termal_laguna-1280x853.jpg 1280w, https:\/\/papayotetravel.com\/wp-content\/uploads\/2024\/06\/pasto_ciudad_termal_laguna-768x512.jpg 768w, https:\/\/papayotetravel.com\/wp-content\/uploads\/2024\/06\/pasto_ciudad_termal_laguna-1536x1024.jpg 1536w, https:\/\/papayotetravel.com\/wp-content\/uploads\/2024\/06\/pasto_ciudad_termal_laguna-18x12.jpg 18w\" sizes=\"(max-width: 1800px) 100vw, 1800px\" \/>\t\t\t\t\t\t\t\t\t\t\t\t\t\t\t<\/div>\n\t\t\t\t<\/div>\n\t\t\t\t<\/div>\n\t\t<div class=\"elementor-element elementor-element-3eaabf9d e-con-full e-flex e-con e-child\" data-id=\"3eaabf9d\" data-element_type=\"container\" data-e-type=\"container\" data-settings=\"{&quot;background_background&quot;:&quot;classic&quot;}\">\n\t\t\t\t<div class=\"elementor-element elementor-element-7c434794 elementor-widget__width-inherit elementor-widget elementor-widget-text-editor\" data-id=\"7c434794\" data-element_type=\"widget\" data-e-type=\"widget\" data-widget_type=\"text-editor.default\">\n\t\t\t\t<div class=\"elementor-widget-container\">\n\t\t\t\t\t\t\t\t\t<p><span style=\"font-weight: 400;\">Explora parques arqueol\u00f3gicos que revelan el eco espiritual de culturas perdidas, conect\u00e1ndote con antiguas creencias a trav\u00e9s de tallados y piedras llenas de historia.<\/span><\/p><p><span style=\"font-weight: 400;\">La cultura\u00a0 del sur colombiano no es solo una tradici\u00f3n, es un legado que fusiona lo antiguo con lo contempor\u00e1neo. Sum\u00e9rgete en esta tierra de misterios, donde la historia cobra vida en destinos como Popay\u00e1n, Huila, Pasto y San Agust\u00edn. Descubre el alma aut\u00e9ntica de estas tierras, donde la autenticidad perdura en cada rinc\u00f3n.<\/span><\/p>\t\t\t\t\t\t\t\t<\/div>\n\t\t\t\t<\/div>\n\t\t\t\t<\/div>\n\t\t\t\t\t<\/div>\n\t\t\t\t<\/div>\n\t\t\t\t<\/div>\n\t\t","protected":false},"excerpt":{"rendered":"<p>\u00a1Vive Sur Colombiano! Nuestra frontera es memorable 2600 m de atura\u00a1Somos el Sur Colombiano! Emb\u00e1rcate en un viaje cautivador al sur de Colombia,valles verdes y volcanes crean un paisaje memorable. Explora parques arqueol\u00f3gicos que revelan el eco espiritual de culturas perdidas, conect\u00e1ndote con antiguas creencias a trav\u00e9s de tallados y piedras llenas de historia. La [&hellip;]<\/p>\n","protected":false},"author":7290,"featured_media":14993,"parent":15046,"menu_order":0,"comment_status":"closed","ping_status":"closed","template":"","meta":{"footnotes":""},"class_list":["post-17584","page","type-page","status-publish","has-post-thumbnail","hentry"],"yoast_head":"<!-- This site is optimized with the Yoast SEO plugin v27.3 - https:\/\/yoast.com\/product\/yoast-seo-wordpress\/ -->\n<title>Acerca de Sur Colombiano - Papayote Travel<\/title>\n<meta name=\"robots\" content=\"index, follow, max-snippet:-1, max-image-preview:large, max-video-preview:-1\" \/>\n<link rel=\"canonical\" href=\"https:\/\/papayotetravel.com\/es\/acerca-colombia\/acerca-de-sur-colombiano\/\" \/>\n<meta name=\"twitter:label1\" content=\"Tiempo de lectura\" \/>\n\t<meta name=\"twitter:data1\" content=\"1 minuto\" \/>\n<script type=\"application\/ld+json\" class=\"yoast-schema-graph\">{\"@context\":\"https:\\\/\\\/schema.org\",\"@graph\":[{\"@type\":\"WebPage\",\"@id\":\"https:\\\/\\\/papayotetravel.com\\\/acerca-colombia\\\/acerca-de-sur-colombiano\\\/\",\"url\":\"https:\\\/\\\/papayotetravel.com\\\/acerca-colombia\\\/acerca-de-sur-colombiano\\\/\",\"name\":\"Acerca de Sur Colombiano - Papayote Travel\",\"isPartOf\":{\"@id\":\"https:\\\/\\\/papayotetravel.com\\\/#website\"},\"primaryImageOfPage\":{\"@id\":\"https:\\\/\\\/papayotetravel.com\\\/acerca-colombia\\\/acerca-de-sur-colombiano\\\/#primaryimage\"},\"image\":{\"@id\":\"https:\\\/\\\/papayotetravel.com\\\/acerca-colombia\\\/acerca-de-sur-colombiano\\\/#primaryimage\"},\"thumbnailUrl\":\"https:\\\/\\\/papayotetravel.com\\\/wp-content\\\/uploads\\\/2020\\\/06\\\/barranquilla_tour_galapa_artesanias-1.jpg\",\"datePublished\":\"2024-03-26T18:54:00+00:00\",\"dateModified\":\"2024-09-19T15:50:39+00:00\",\"breadcrumb\":{\"@id\":\"https:\\\/\\\/papayotetravel.com\\\/acerca-colombia\\\/acerca-de-sur-colombiano\\\/#breadcrumb\"},\"inLanguage\":\"es\",\"potentialAction\":[{\"@type\":\"ReadAction\",\"target\":[\"https:\\\/\\\/papayotetravel.com\\\/acerca-colombia\\\/acerca-de-sur-colombiano\\\/\"]}]},{\"@type\":\"ImageObject\",\"inLanguage\":\"es\",\"@id\":\"https:\\\/\\\/papayotetravel.com\\\/acerca-colombia\\\/acerca-de-sur-colombiano\\\/#primaryimage\",\"url\":\"https:\\\/\\\/papayotetravel.com\\\/wp-content\\\/uploads\\\/2020\\\/06\\\/barranquilla_tour_galapa_artesanias-1.jpg\",\"contentUrl\":\"https:\\\/\\\/papayotetravel.com\\\/wp-content\\\/uploads\\\/2020\\\/06\\\/barranquilla_tour_galapa_artesanias-1.jpg\",\"width\":600,\"height\":400},{\"@type\":\"BreadcrumbList\",\"@id\":\"https:\\\/\\\/papayotetravel.com\\\/acerca-colombia\\\/acerca-de-sur-colombiano\\\/#breadcrumb\",\"itemListElement\":[{\"@type\":\"ListItem\",\"position\":1,\"name\":\"Home\",\"item\":\"https:\\\/\\\/papayotetravel.com\\\/\"},{\"@type\":\"ListItem\",\"position\":2,\"name\":\"Acerca de Colombia\",\"item\":\"https:\\\/\\\/papayotetravel.com\\\/acerca-colombia\\\/\"},{\"@type\":\"ListItem\",\"position\":3,\"name\":\"Acerca de Sur Colombiano\"}]},{\"@type\":\"WebSite\",\"@id\":\"https:\\\/\\\/papayotetravel.com\\\/#website\",\"url\":\"https:\\\/\\\/papayotetravel.com\\\/\",\"name\":\"Papayote Travel\",\"description\":\"Vive con Nosotros una Experiencia Inolvidable\",\"publisher\":{\"@id\":\"https:\\\/\\\/papayotetravel.com\\\/#organization\"},\"potentialAction\":[{\"@type\":\"SearchAction\",\"target\":{\"@type\":\"EntryPoint\",\"urlTemplate\":\"https:\\\/\\\/papayotetravel.com\\\/?s={search_term_string}\"},\"query-input\":{\"@type\":\"PropertyValueSpecification\",\"valueRequired\":true,\"valueName\":\"search_term_string\"}}],\"inLanguage\":\"es\"},{\"@type\":\"Organization\",\"@id\":\"https:\\\/\\\/papayotetravel.com\\\/#organization\",\"name\":\"Papayo DMC\",\"url\":\"https:\\\/\\\/papayotetravel.com\\\/\",\"logo\":{\"@type\":\"ImageObject\",\"inLanguage\":\"es\",\"@id\":\"https:\\\/\\\/papayotetravel.com\\\/#\\\/schema\\\/logo\\\/image\\\/\",\"url\":\"https:\\\/\\\/papayotetravel.com\\\/wp-content\\\/uploads\\\/2020\\\/03\\\/logo-papayote-travel.png\",\"contentUrl\":\"https:\\\/\\\/papayotetravel.com\\\/wp-content\\\/uploads\\\/2020\\\/03\\\/logo-papayote-travel.png\",\"width\":154,\"height\":117,\"caption\":\"Papayo DMC\"},\"image\":{\"@id\":\"https:\\\/\\\/papayotetravel.com\\\/#\\\/schema\\\/logo\\\/image\\\/\"},\"sameAs\":[\"https:\\\/\\\/www.facebook.com\\\/PapayoteTravel\"]}]}<\/script>\n<!-- \/ Yoast SEO plugin. -->","yoast_head_json":{"title":"Acerca de Sur Colombiano - Papayote Travel","robots":{"index":"index","follow":"follow","max-snippet":"max-snippet:-1","max-image-preview":"max-image-preview:large","max-video-preview":"max-video-preview:-1"},"canonical":"https:\/\/papayotetravel.com\/es\/acerca-colombia\/acerca-de-sur-colombiano\/","twitter_misc":{"Tiempo de lectura":"1 minuto"},"schema":{"@context":"https:\/\/schema.org","@graph":[{"@type":"WebPage","@id":"https:\/\/papayotetravel.com\/acerca-colombia\/acerca-de-sur-colombiano\/","url":"https:\/\/papayotetravel.com\/acerca-colombia\/acerca-de-sur-colombiano\/","name":"Acerca de Sur Colombiano - Papayote Travel","isPartOf":{"@id":"https:\/\/papayotetravel.com\/#website"},"primaryImageOfPage":{"@id":"https:\/\/papayotetravel.com\/acerca-colombia\/acerca-de-sur-colombiano\/#primaryimage"},"image":{"@id":"https:\/\/papayotetravel.com\/acerca-colombia\/acerca-de-sur-colombiano\/#primaryimage"},"thumbnailUrl":"https:\/\/papayotetravel.com\/wp-content\/uploads\/2020\/06\/barranquilla_tour_galapa_artesanias-1.jpg","datePublished":"2024-03-26T18:54:00+00:00","dateModified":"2024-09-19T15:50:39+00:00","breadcrumb":{"@id":"https:\/\/papayotetravel.com\/acerca-colombia\/acerca-de-sur-colombiano\/#breadcrumb"},"inLanguage":"es","potentialAction":[{"@type":"ReadAction","target":["https:\/\/papayotetravel.com\/acerca-colombia\/acerca-de-sur-colombiano\/"]}]},{"@type":"ImageObject","inLanguage":"es","@id":"https:\/\/papayotetravel.com\/acerca-colombia\/acerca-de-sur-colombiano\/#primaryimage","url":"https:\/\/papayotetravel.com\/wp-content\/uploads\/2020\/06\/barranquilla_tour_galapa_artesanias-1.jpg","contentUrl":"https:\/\/papayotetravel.com\/wp-content\/uploads\/2020\/06\/barranquilla_tour_galapa_artesanias-1.jpg","width":600,"height":400},{"@type":"BreadcrumbList","@id":"https:\/\/papayotetravel.com\/acerca-colombia\/acerca-de-sur-colombiano\/#breadcrumb","itemListElement":[{"@type":"ListItem","position":1,"name":"Home","item":"https:\/\/papayotetravel.com\/"},{"@type":"ListItem","position":2,"name":"Acerca de Colombia","item":"https:\/\/papayotetravel.com\/acerca-colombia\/"},{"@type":"ListItem","position":3,"name":"Acerca de Sur Colombiano"}]},{"@type":"WebSite","@id":"https:\/\/papayotetravel.com\/#website","url":"https:\/\/papayotetravel.com\/","name":"Papayote Travel","description":"Vive con Nosotros una Experiencia Inolvidable","publisher":{"@id":"https:\/\/papayotetravel.com\/#organization"},"potentialAction":[{"@type":"SearchAction","target":{"@type":"EntryPoint","urlTemplate":"https:\/\/papayotetravel.com\/?s={search_term_string}"},"query-input":{"@type":"PropertyValueSpecification","valueRequired":true,"valueName":"search_term_string"}}],"inLanguage":"es"},{"@type":"Organization","@id":"https:\/\/papayotetravel.com\/#organization","name":"Papayo DMC","url":"https:\/\/papayotetravel.com\/","logo":{"@type":"ImageObject","inLanguage":"es","@id":"https:\/\/papayotetravel.com\/#\/schema\/logo\/image\/","url":"https:\/\/papayotetravel.com\/wp-content\/uploads\/2020\/03\/logo-papayote-travel.png","contentUrl":"https:\/\/papayotetravel.com\/wp-content\/uploads\/2020\/03\/logo-papayote-travel.png","width":154,"height":117,"caption":"Papayo DMC"},"image":{"@id":"https:\/\/papayotetravel.com\/#\/schema\/logo\/image\/"},"sameAs":["https:\/\/www.facebook.com\/PapayoteTravel"]}]}},"_links":{"self":[{"href":"https:\/\/papayotetravel.com\/es\/wp-json\/wp\/v2\/pages\/17584","targetHints":{"allow":["GET"]}}],"collection":[{"href":"https:\/\/papayotetravel.com\/es\/wp-json\/wp\/v2\/pages"}],"about":[{"href":"https:\/\/papayotetravel.com\/es\/wp-json\/wp\/v2\/types\/page"}],"author":[{"embeddable":true,"href":"https:\/\/papayotetravel.com\/es\/wp-json\/wp\/v2\/users\/7290"}],"replies":[{"embeddable":true,"href":"https:\/\/papayotetravel.com\/es\/wp-json\/wp\/v2\/comments?post=17584"}],"version-history":[{"count":31,"href":"https:\/\/papayotetravel.com\/es\/wp-json\/wp\/v2\/pages\/17584\/revisions"}],"predecessor-version":[{"id":18612,"href":"https:\/\/papayotetravel.com\/es\/wp-json\/wp\/v2\/pages\/17584\/revisions\/18612"}],"up":[{"embeddable":true,"href":"https:\/\/papayotetravel.com\/es\/wp-json\/wp\/v2\/pages\/15046"}],"wp:featuredmedia":[{"embeddable":true,"href":"https:\/\/papayotetravel.com\/es\/wp-json\/wp\/v2\/media\/14993"}],"wp:attachment":[{"href":"https:\/\/papayotetravel.com\/es\/wp-json\/wp\/v2\/media?parent=17584"}],"curies":[{"name":"wp","href":"https:\/\/api.w.org\/{rel}","templated":true}]}}