{"id":17568,"date":"2024-03-26T13:44:46","date_gmt":"2024-03-26T18:44:46","guid":{"rendered":"https:\/\/papayotetravel.com\/?page_id=17568"},"modified":"2024-09-19T10:50:13","modified_gmt":"2024-09-19T15:50:13","slug":"acerca-de-palomino","status":"publish","type":"page","link":"https:\/\/papayotetravel.com\/es\/acerca-colombia\/acerca-de-palomino\/","title":{"rendered":"Acerca de Palomino"},"content":{"rendered":"\t\t<div data-elementor-type=\"wp-page\" data-elementor-id=\"17568\" class=\"elementor elementor-17568\" data-elementor-post-type=\"page\">\n\t\t\t\t<div class=\"elementor-element elementor-element-7839109f e-con-full e-flex e-con e-parent\" data-id=\"7839109f\" data-element_type=\"container\" data-e-type=\"container\" data-settings=\"{&quot;background_background&quot;:&quot;classic&quot;}\">\n\t\t<div class=\"elementor-element elementor-element-7665ce1d e-con-full e-flex e-con e-child\" data-id=\"7665ce1d\" data-element_type=\"container\" data-e-type=\"container\">\n\t\t\t\t<div class=\"elementor-element elementor-element-6d074ea8 elementor-widget elementor-widget-heading\" data-id=\"6d074ea8\" data-element_type=\"widget\" data-e-type=\"widget\" data-widget_type=\"heading.default\">\n\t\t\t\t<div class=\"elementor-widget-container\">\n\t\t\t\t\t<h4 class=\"elementor-heading-title elementor-size-default\">\u00a1Vive<\/h4>\t\t\t\t<\/div>\n\t\t\t\t<\/div>\n\t\t\t\t<div class=\"elementor-element elementor-element-2e7a8e74 elementor-widget elementor-widget-heading\" data-id=\"2e7a8e74\" data-element_type=\"widget\" data-e-type=\"widget\" data-widget_type=\"heading.default\">\n\t\t\t\t<div class=\"elementor-widget-container\">\n\t\t\t\t\t<h2 class=\"elementor-heading-title elementor-size-default\">Palomino!<\/h2>\t\t\t\t<\/div>\n\t\t\t\t<\/div>\n\t\t\t\t<div class=\"elementor-element elementor-element-2f8e1da elementor-widget elementor-widget-heading\" data-id=\"2f8e1da\" data-element_type=\"widget\" data-e-type=\"widget\" data-widget_type=\"heading.default\">\n\t\t\t\t<div class=\"elementor-widget-container\">\n\t\t\t\t\t<h4 class=\"elementor-heading-title elementor-size-default\">Disfruta del descanso y la aventura entre sierra, mar y r\u00edos.<\/h4>\t\t\t\t<\/div>\n\t\t\t\t<\/div>\n\t\t\t\t<\/div>\n\t\t\t\t<\/div>\n\t\t<div class=\"elementor-element elementor-element-22bf154d e-grid e-con-boxed e-con e-parent\" data-id=\"22bf154d\" data-element_type=\"container\" data-e-type=\"container\" data-settings=\"{&quot;background_background&quot;:&quot;classic&quot;}\">\n\t\t\t\t\t<div class=\"e-con-inner\">\n\t\t<div class=\"elementor-element elementor-element-3339978e e-con-full e-flex e-con e-child\" data-id=\"3339978e\" data-element_type=\"container\" data-e-type=\"container\">\n\t\t<div class=\"elementor-element elementor-element-541ff9c2 e-con-full e-flex e-con e-child\" data-id=\"541ff9c2\" data-element_type=\"container\" data-e-type=\"container\">\n\t\t\t\t<div class=\"elementor-element elementor-element-6325ed9e elementor-widget__width-auto elementor-widget-tablet__width-inherit elementor-widget elementor-widget-text-editor\" data-id=\"6325ed9e\" data-element_type=\"widget\" data-e-type=\"widget\" data-widget_type=\"text-editor.default\">\n\t\t\t\t<div class=\"elementor-widget-container\">\n\t\t\t\t\t\t\t\t\tTan natural\t\t\t\t\t\t\t\t<\/div>\n\t\t\t\t<\/div>\n\t\t\t\t<div class=\"elementor-element elementor-element-541be9c7 elementor-widget__width-initial elementor-widget elementor-widget-text-editor\" data-id=\"541be9c7\" data-element_type=\"widget\" data-e-type=\"widget\" data-widget_type=\"text-editor.default\">\n\t\t\t\t<div class=\"elementor-widget-container\">\n\t\t\t\t\t\t\t\t\t\u00a1Somos Palomino!\t\t\t\t\t\t\t\t<\/div>\n\t\t\t\t<\/div>\n\t\t\t\t<\/div>\n\t\t\t\t<div class=\"elementor-element elementor-element-1bab2ba8 elementor-widget__width-inherit elementor-widget elementor-widget-text-editor\" data-id=\"1bab2ba8\" data-element_type=\"widget\" data-e-type=\"widget\" data-widget_type=\"text-editor.default\">\n\t\t\t\t<div class=\"elementor-widget-container\">\n\t\t\t\t\t\t\t\t\tDescubre la autenticidad de Palomino, un encantador pueblo de la Sierra, entre los r\u00edos Palomino y San Salvador, donde las aguas cristalinas descienden de la imponente Sierra Nevada de Santa Marta. Sum\u00e9rgete no solo en sus refrescantes corrientes, sino tambi\u00e9n en una experiencia \u00fanica de tubing, en este emocionante recorrido en neum\u00e1tico, podr\u00e1s explorar la vegetaci\u00f3n que rodea el \u00e1rea, mientras te deslizas hacia el mar.\n\nLa trascendencia de este lugar se basa en su conexi\u00f3n con las diversas tribus ind\u00edgenas de la regi\u00f3n, como los Koguis, Wiwas y Arhuacos, estas comunidades, arraigadas en las cercan\u00edas de las monta\u00f1as, se congregan en el pueblo para intercambiar sus productos y abastecerse de lo necesario. Este v\u00ednculo cultural ofrece a los visitantes una experiencia genuina, permiti\u00e9ndoles explorar y participar en la riqueza de las tradiciones ind\u00edgenas.Asimismo, los habitantes locales ofrecen a los visitantes su exquisita gastronom\u00eda repleta de sabores aut\u00f3ctonos y artesan\u00edas que son el resultado de su dedicado trabajo.\n\n\u00a1Un lugar que sin duda vale la pena explorar!\t\t\t\t\t\t\t\t<\/div>\n\t\t\t\t<\/div>\n\t\t\t\t<\/div>\n\t\t<div class=\"elementor-element elementor-element-4104bccf e-con-full e-flex e-con e-child\" data-id=\"4104bccf\" data-element_type=\"container\" data-e-type=\"container\">\n\t\t\t\t<div class=\"elementor-element elementor-element-7a05ac45 elementor-widget__width-inherit elementor-widget elementor-widget-image\" data-id=\"7a05ac45\" data-element_type=\"widget\" data-e-type=\"widget\" data-widget_type=\"image.default\">\n\t\t\t\t<div class=\"elementor-widget-container\">\n\t\t\t\t\t\t\t\t\t\t\t\t\t\t\t<img decoding=\"async\" src=\"https:\/\/papayotetravel.com\/wp-content\/uploads\/2024\/06\/palomino.png\" title=\"palomino\" alt=\"palomino\" loading=\"lazy\" \/>\t\t\t\t\t\t\t\t\t\t\t\t\t\t\t<\/div>\n\t\t\t\t<\/div>\n\t\t\t\t<\/div>\n\t\t\t\t\t<\/div>\n\t\t\t\t<\/div>\n\t\t\t\t<\/div>\n\t\t","protected":false},"excerpt":{"rendered":"<p>\u00a1Vive Palomino! Disfruta del descanso y la aventura entre sierra, mar y r\u00edos. Tan natural\u00a1Somos Palomino!Descubre la autenticidad de Palomino, un encantador pueblo de la Sierra, entre los r\u00edos Palomino y San Salvador, donde las aguas cristalinas descienden de la imponente Sierra Nevada de Santa Marta. Sum\u00e9rgete no solo en sus refrescantes corrientes, sino tambi\u00e9n [&hellip;]<\/p>\n","protected":false},"author":7290,"featured_media":14993,"parent":15046,"menu_order":0,"comment_status":"closed","ping_status":"closed","template":"","meta":{"footnotes":""},"class_list":["post-17568","page","type-page","status-publish","has-post-thumbnail","hentry"],"yoast_head":"<!-- This site is optimized with the Yoast SEO plugin v27.3 - https:\/\/yoast.com\/product\/yoast-seo-wordpress\/ -->\n<title>Acerca de Palomino - Papayote Travel<\/title>\n<meta name=\"robots\" content=\"index, follow, max-snippet:-1, max-image-preview:large, max-video-preview:-1\" \/>\n<link rel=\"canonical\" href=\"https:\/\/papayotetravel.com\/es\/acerca-colombia\/acerca-de-palomino\/\" \/>\n<script type=\"application\/ld+json\" class=\"yoast-schema-graph\">{\"@context\":\"https:\\\/\\\/schema.org\",\"@graph\":[{\"@type\":\"WebPage\",\"@id\":\"https:\\\/\\\/papayotetravel.com\\\/es\\\/acerca-colombia\\\/acerca-de-palomino\\\/\",\"url\":\"https:\\\/\\\/papayotetravel.com\\\/es\\\/acerca-colombia\\\/acerca-de-palomino\\\/\",\"name\":\"Acerca de Palomino - Papayote Travel\",\"isPartOf\":{\"@id\":\"https:\\\/\\\/papayotetravel.com\\\/#website\"},\"primaryImageOfPage\":{\"@id\":\"https:\\\/\\\/papayotetravel.com\\\/es\\\/acerca-colombia\\\/acerca-de-palomino\\\/#primaryimage\"},\"image\":{\"@id\":\"https:\\\/\\\/papayotetravel.com\\\/es\\\/acerca-colombia\\\/acerca-de-palomino\\\/#primaryimage\"},\"thumbnailUrl\":\"https:\\\/\\\/papayotetravel.com\\\/wp-content\\\/uploads\\\/2020\\\/06\\\/barranquilla_tour_galapa_artesanias-1.jpg\",\"datePublished\":\"2024-03-26T18:44:46+00:00\",\"dateModified\":\"2024-09-19T15:50:13+00:00\",\"breadcrumb\":{\"@id\":\"https:\\\/\\\/papayotetravel.com\\\/es\\\/acerca-colombia\\\/acerca-de-palomino\\\/#breadcrumb\"},\"inLanguage\":\"es\",\"potentialAction\":[{\"@type\":\"ReadAction\",\"target\":[\"https:\\\/\\\/papayotetravel.com\\\/es\\\/acerca-colombia\\\/acerca-de-palomino\\\/\"]}]},{\"@type\":\"ImageObject\",\"inLanguage\":\"es\",\"@id\":\"https:\\\/\\\/papayotetravel.com\\\/es\\\/acerca-colombia\\\/acerca-de-palomino\\\/#primaryimage\",\"url\":\"https:\\\/\\\/papayotetravel.com\\\/wp-content\\\/uploads\\\/2020\\\/06\\\/barranquilla_tour_galapa_artesanias-1.jpg\",\"contentUrl\":\"https:\\\/\\\/papayotetravel.com\\\/wp-content\\\/uploads\\\/2020\\\/06\\\/barranquilla_tour_galapa_artesanias-1.jpg\",\"width\":600,\"height\":400},{\"@type\":\"BreadcrumbList\",\"@id\":\"https:\\\/\\\/papayotetravel.com\\\/es\\\/acerca-colombia\\\/acerca-de-palomino\\\/#breadcrumb\",\"itemListElement\":[{\"@type\":\"ListItem\",\"position\":1,\"name\":\"Home\",\"item\":\"https:\\\/\\\/papayotetravel.com\\\/\"},{\"@type\":\"ListItem\",\"position\":2,\"name\":\"Acerca de Colombia\",\"item\":\"https:\\\/\\\/papayotetravel.com\\\/acerca-colombia\\\/\"},{\"@type\":\"ListItem\",\"position\":3,\"name\":\"Acerca de Palomino\"}]},{\"@type\":\"WebSite\",\"@id\":\"https:\\\/\\\/papayotetravel.com\\\/#website\",\"url\":\"https:\\\/\\\/papayotetravel.com\\\/\",\"name\":\"Papayote Travel\",\"description\":\"Vive con Nosotros una Experiencia Inolvidable\",\"publisher\":{\"@id\":\"https:\\\/\\\/papayotetravel.com\\\/#organization\"},\"potentialAction\":[{\"@type\":\"SearchAction\",\"target\":{\"@type\":\"EntryPoint\",\"urlTemplate\":\"https:\\\/\\\/papayotetravel.com\\\/?s={search_term_string}\"},\"query-input\":{\"@type\":\"PropertyValueSpecification\",\"valueRequired\":true,\"valueName\":\"search_term_string\"}}],\"inLanguage\":\"es\"},{\"@type\":\"Organization\",\"@id\":\"https:\\\/\\\/papayotetravel.com\\\/#organization\",\"name\":\"Papayo DMC\",\"url\":\"https:\\\/\\\/papayotetravel.com\\\/\",\"logo\":{\"@type\":\"ImageObject\",\"inLanguage\":\"es\",\"@id\":\"https:\\\/\\\/papayotetravel.com\\\/#\\\/schema\\\/logo\\\/image\\\/\",\"url\":\"https:\\\/\\\/papayotetravel.com\\\/wp-content\\\/uploads\\\/2020\\\/03\\\/logo-papayote-travel.png\",\"contentUrl\":\"https:\\\/\\\/papayotetravel.com\\\/wp-content\\\/uploads\\\/2020\\\/03\\\/logo-papayote-travel.png\",\"width\":154,\"height\":117,\"caption\":\"Papayo DMC\"},\"image\":{\"@id\":\"https:\\\/\\\/papayotetravel.com\\\/#\\\/schema\\\/logo\\\/image\\\/\"},\"sameAs\":[\"https:\\\/\\\/www.facebook.com\\\/PapayoteTravel\"]}]}<\/script>\n<!-- \/ Yoast SEO plugin. -->","yoast_head_json":{"title":"Acerca de Palomino - Papayote Travel","robots":{"index":"index","follow":"follow","max-snippet":"max-snippet:-1","max-image-preview":"max-image-preview:large","max-video-preview":"max-video-preview:-1"},"canonical":"https:\/\/papayotetravel.com\/es\/acerca-colombia\/acerca-de-palomino\/","schema":{"@context":"https:\/\/schema.org","@graph":[{"@type":"WebPage","@id":"https:\/\/papayotetravel.com\/es\/acerca-colombia\/acerca-de-palomino\/","url":"https:\/\/papayotetravel.com\/es\/acerca-colombia\/acerca-de-palomino\/","name":"Acerca de Palomino - Papayote Travel","isPartOf":{"@id":"https:\/\/papayotetravel.com\/#website"},"primaryImageOfPage":{"@id":"https:\/\/papayotetravel.com\/es\/acerca-colombia\/acerca-de-palomino\/#primaryimage"},"image":{"@id":"https:\/\/papayotetravel.com\/es\/acerca-colombia\/acerca-de-palomino\/#primaryimage"},"thumbnailUrl":"https:\/\/papayotetravel.com\/wp-content\/uploads\/2020\/06\/barranquilla_tour_galapa_artesanias-1.jpg","datePublished":"2024-03-26T18:44:46+00:00","dateModified":"2024-09-19T15:50:13+00:00","breadcrumb":{"@id":"https:\/\/papayotetravel.com\/es\/acerca-colombia\/acerca-de-palomino\/#breadcrumb"},"inLanguage":"es","potentialAction":[{"@type":"ReadAction","target":["https:\/\/papayotetravel.com\/es\/acerca-colombia\/acerca-de-palomino\/"]}]},{"@type":"ImageObject","inLanguage":"es","@id":"https:\/\/papayotetravel.com\/es\/acerca-colombia\/acerca-de-palomino\/#primaryimage","url":"https:\/\/papayotetravel.com\/wp-content\/uploads\/2020\/06\/barranquilla_tour_galapa_artesanias-1.jpg","contentUrl":"https:\/\/papayotetravel.com\/wp-content\/uploads\/2020\/06\/barranquilla_tour_galapa_artesanias-1.jpg","width":600,"height":400},{"@type":"BreadcrumbList","@id":"https:\/\/papayotetravel.com\/es\/acerca-colombia\/acerca-de-palomino\/#breadcrumb","itemListElement":[{"@type":"ListItem","position":1,"name":"Home","item":"https:\/\/papayotetravel.com\/"},{"@type":"ListItem","position":2,"name":"Acerca de Colombia","item":"https:\/\/papayotetravel.com\/acerca-colombia\/"},{"@type":"ListItem","position":3,"name":"Acerca de Palomino"}]},{"@type":"WebSite","@id":"https:\/\/papayotetravel.com\/#website","url":"https:\/\/papayotetravel.com\/","name":"Papayote Travel","description":"Vive con Nosotros una Experiencia Inolvidable","publisher":{"@id":"https:\/\/papayotetravel.com\/#organization"},"potentialAction":[{"@type":"SearchAction","target":{"@type":"EntryPoint","urlTemplate":"https:\/\/papayotetravel.com\/?s={search_term_string}"},"query-input":{"@type":"PropertyValueSpecification","valueRequired":true,"valueName":"search_term_string"}}],"inLanguage":"es"},{"@type":"Organization","@id":"https:\/\/papayotetravel.com\/#organization","name":"Papayo DMC","url":"https:\/\/papayotetravel.com\/","logo":{"@type":"ImageObject","inLanguage":"es","@id":"https:\/\/papayotetravel.com\/#\/schema\/logo\/image\/","url":"https:\/\/papayotetravel.com\/wp-content\/uploads\/2020\/03\/logo-papayote-travel.png","contentUrl":"https:\/\/papayotetravel.com\/wp-content\/uploads\/2020\/03\/logo-papayote-travel.png","width":154,"height":117,"caption":"Papayo DMC"},"image":{"@id":"https:\/\/papayotetravel.com\/#\/schema\/logo\/image\/"},"sameAs":["https:\/\/www.facebook.com\/PapayoteTravel"]}]}},"_links":{"self":[{"href":"https:\/\/papayotetravel.com\/es\/wp-json\/wp\/v2\/pages\/17568","targetHints":{"allow":["GET"]}}],"collection":[{"href":"https:\/\/papayotetravel.com\/es\/wp-json\/wp\/v2\/pages"}],"about":[{"href":"https:\/\/papayotetravel.com\/es\/wp-json\/wp\/v2\/types\/page"}],"author":[{"embeddable":true,"href":"https:\/\/papayotetravel.com\/es\/wp-json\/wp\/v2\/users\/7290"}],"replies":[{"embeddable":true,"href":"https:\/\/papayotetravel.com\/es\/wp-json\/wp\/v2\/comments?post=17568"}],"version-history":[{"count":25,"href":"https:\/\/papayotetravel.com\/es\/wp-json\/wp\/v2\/pages\/17568\/revisions"}],"predecessor-version":[{"id":18606,"href":"https:\/\/papayotetravel.com\/es\/wp-json\/wp\/v2\/pages\/17568\/revisions\/18606"}],"up":[{"embeddable":true,"href":"https:\/\/papayotetravel.com\/es\/wp-json\/wp\/v2\/pages\/15046"}],"wp:featuredmedia":[{"embeddable":true,"href":"https:\/\/papayotetravel.com\/es\/wp-json\/wp\/v2\/media\/14993"}],"wp:attachment":[{"href":"https:\/\/papayotetravel.com\/es\/wp-json\/wp\/v2\/media?parent=17568"}],"curies":[{"name":"wp","href":"https:\/\/api.w.org\/{rel}","templated":true}]}}