{"id":12013,"date":"2017-06-08T18:18:45","date_gmt":"2017-06-08T23:18:45","guid":{"rendered":"https:\/\/papayotetravel.com\/?page_id=12013"},"modified":"2024-09-19T10:58:23","modified_gmt":"2024-09-19T15:58:23","slug":"politica-de-sostenibilidad","status":"publish","type":"page","link":"https:\/\/papayotetravel.com\/es\/politica-de-sostenibilidad\/","title":{"rendered":"Pol\u00edtica de Sostenibilidad"},"content":{"rendered":"\t\t<div data-elementor-type=\"wp-page\" data-elementor-id=\"12013\" class=\"elementor elementor-12013\" data-elementor-post-type=\"page\">\n\t\t\t\t<div class=\"elementor-element elementor-element-69de01da e-con-full e-flex e-con e-parent\" data-id=\"69de01da\" data-element_type=\"container\" data-e-type=\"container\" data-settings=\"{&quot;background_background&quot;:&quot;classic&quot;}\">\n\t\t<div class=\"elementor-element elementor-element-4ea54f32 e-con-full e-flex e-con e-child\" data-id=\"4ea54f32\" data-element_type=\"container\" data-e-type=\"container\">\n\t\t\t\t<div class=\"elementor-element elementor-element-19a9aabc elementor-widget elementor-widget-heading\" data-id=\"19a9aabc\" data-element_type=\"widget\" data-e-type=\"widget\" data-widget_type=\"heading.default\">\n\t\t\t\t<div class=\"elementor-widget-container\">\n\t\t\t\t\t<h4 class=\"elementor-heading-title elementor-size-default\">Papayote Travel DMC<\/h4>\t\t\t\t<\/div>\n\t\t\t\t<\/div>\n\t\t\t\t<div class=\"elementor-element elementor-element-794be86 elementor-widget elementor-widget-heading\" data-id=\"794be86\" data-element_type=\"widget\" data-e-type=\"widget\" data-widget_type=\"heading.default\">\n\t\t\t\t<div class=\"elementor-widget-container\">\n\t\t\t\t\t<h2 class=\"elementor-heading-title elementor-size-default\">Pol\u00edtica de Sostenibilidad<\/h2>\t\t\t\t<\/div>\n\t\t\t\t<\/div>\n\t\t\t\t<\/div>\n\t\t\t\t<\/div>\n\t\t<div class=\"elementor-element elementor-element-7d4a1040 e-grid e-con-boxed e-con e-parent\" data-id=\"7d4a1040\" data-element_type=\"container\" data-e-type=\"container\" data-settings=\"{&quot;background_background&quot;:&quot;classic&quot;}\">\n\t\t\t\t\t<div class=\"e-con-inner\">\n\t\t<div class=\"elementor-element elementor-element-5f26ecbd e-con-full e-flex e-con e-child\" data-id=\"5f26ecbd\" data-element_type=\"container\" data-e-type=\"container\">\n\t\t<div class=\"elementor-element elementor-element-118a0767 e-con-full e-flex e-con e-child\" data-id=\"118a0767\" data-element_type=\"container\" data-e-type=\"container\">\n\t\t\t\t<div class=\"elementor-element elementor-element-19cd764d elementor-widget__width-auto elementor-widget-tablet__width-inherit elementor-widget elementor-widget-text-editor\" data-id=\"19cd764d\" data-element_type=\"widget\" data-e-type=\"widget\" data-widget_type=\"text-editor.default\">\n\t\t\t\t<div class=\"elementor-widget-container\">\n\t\t\t\t\t\t\t\t\t<div>Somos el pa\u00eds de la belleza<\/div>\t\t\t\t\t\t\t\t<\/div>\n\t\t\t\t<\/div>\n\t\t\t\t<div class=\"elementor-element elementor-element-d39890 elementor-widget__width-initial elementor-widget elementor-widget-text-editor\" data-id=\"d39890\" data-element_type=\"widget\" data-e-type=\"widget\" data-widget_type=\"text-editor.default\">\n\t\t\t\t<div class=\"elementor-widget-container\">\n\t\t\t\t\t\t\t\t\t<div>\u00a1Somos Colombia!<\/div>\t\t\t\t\t\t\t\t<\/div>\n\t\t\t\t<\/div>\n\t\t\t\t<\/div>\n\t\t\t\t<div class=\"elementor-element elementor-element-2b2ebb72 elementor-widget__width-inherit elementor-widget elementor-widget-text-editor\" data-id=\"2b2ebb72\" data-element_type=\"widget\" data-e-type=\"widget\" data-widget_type=\"text-editor.default\">\n\t\t\t\t<div class=\"elementor-widget-container\">\n\t\t\t\t\t\t\t\t\t<p>En Papayote Travel DM nos comprometemos a llevar a cabo una gesti\u00f3n sostenible de todas nuestras actividades mediante el desarrollo de estrategias y acciones orientadas a prevenir, eliminar o reducir el impacto de nuestras actividades y servicios tanto internos como externos, as\u00ed como optimizar la sostenibilidad de nuestra agencia de viajes mejorando su comportamiento con el entorno.<\/p><p>En este mismo sentido Papayote Travel se compromete a cumplir los requisitos establecidos en la NTS TS-003, que incluye, entre otras cosas, los requerimientos legales que regulan los efectos generados por la actividad tur\u00edstica. Asume la responsabilidad de mantener o mejorar los impactos ambientales, socioculturales y econ\u00f3micos positivos y as\u00ed minimizar o eliminar los impactos negativos generados o relacionados con el desarrollo de su actividad.<\/p>\t\t\t\t\t\t\t\t<\/div>\n\t\t\t\t<\/div>\n\t\t\t\t<\/div>\n\t\t<div class=\"elementor-element elementor-element-3a757f7c e-con-full e-flex e-con e-child\" data-id=\"3a757f7c\" data-element_type=\"container\" data-e-type=\"container\">\n\t\t\t\t<div class=\"elementor-element elementor-element-e9c896b elementor-widget__width-inherit elementor-widget elementor-widget-image\" data-id=\"e9c896b\" data-element_type=\"widget\" data-e-type=\"widget\" data-widget_type=\"image.default\">\n\t\t\t\t<div class=\"elementor-widget-container\">\n\t\t\t\t\t\t\t\t\t\t\t\t\t\t\t<img fetchpriority=\"high\" decoding=\"async\" width=\"2000\" height=\"1333\" src=\"https:\/\/papayotetravel.com\/wp-content\/uploads\/2024\/03\/Choco_Trigana_FCR2761-1.jpg\" class=\"attachment-full size-full wp-image-17681\" alt=\"\" srcset=\"https:\/\/papayotetravel.com\/wp-content\/uploads\/2024\/03\/Choco_Trigana_FCR2761-1.jpg 2000w, https:\/\/papayotetravel.com\/wp-content\/uploads\/2024\/03\/Choco_Trigana_FCR2761-1-300x200.jpg 300w, https:\/\/papayotetravel.com\/wp-content\/uploads\/2024\/03\/Choco_Trigana_FCR2761-1-1280x853.jpg 1280w, https:\/\/papayotetravel.com\/wp-content\/uploads\/2024\/03\/Choco_Trigana_FCR2761-1-768x512.jpg 768w, https:\/\/papayotetravel.com\/wp-content\/uploads\/2024\/03\/Choco_Trigana_FCR2761-1-1536x1024.jpg 1536w, https:\/\/papayotetravel.com\/wp-content\/uploads\/2024\/03\/Choco_Trigana_FCR2761-1-18x12.jpg 18w\" sizes=\"(max-width: 2000px) 100vw, 2000px\" \/>\t\t\t\t\t\t\t\t\t\t\t\t\t\t\t<\/div>\n\t\t\t\t<\/div>\n\t\t\t\t<\/div>\n\t\t\t\t\t<\/div>\n\t\t\t\t<\/div>\n\t\t<div class=\"elementor-element elementor-element-ab6cf6a e-flex e-con-boxed e-con e-parent\" data-id=\"ab6cf6a\" data-element_type=\"container\" data-e-type=\"container\">\n\t\t\t\t\t<div class=\"e-con-inner\">\n\t\t\t\t<div class=\"elementor-element elementor-element-ae614f0 elementor-widget elementor-widget-heading\" data-id=\"ae614f0\" data-element_type=\"widget\" data-e-type=\"widget\" data-widget_type=\"heading.default\">\n\t\t\t\t<div class=\"elementor-widget-container\">\n\t\t\t\t\t<h3 class=\"elementor-heading-title elementor-size-default\">Nuestra Misi\u00f3n<\/h3>\t\t\t\t<\/div>\n\t\t\t\t<\/div>\n\t\t\t\t\t<\/div>\n\t\t\t\t<\/div>\n\t\t<div class=\"elementor-element elementor-element-7e91542b e-flex e-con-boxed e-con e-parent\" data-id=\"7e91542b\" data-element_type=\"container\" data-e-type=\"container\">\n\t\t\t\t\t<div class=\"e-con-inner\">\n\t\t<div class=\"elementor-element elementor-element-b83f3ff e-con-full e-flex e-con e-child\" data-id=\"b83f3ff\" data-element_type=\"container\" data-e-type=\"container\">\n\t\t\t\t<div class=\"elementor-element elementor-element-98f5ac8 elementor-widget elementor-widget-image\" data-id=\"98f5ac8\" data-element_type=\"widget\" data-e-type=\"widget\" data-widget_type=\"image.default\">\n\t\t\t\t<div class=\"elementor-widget-container\">\n\t\t\t\t\t\t\t\t\t\t\t\t\t\t\t<img decoding=\"async\" width=\"2000\" height=\"1333\" src=\"https:\/\/papayotetravel.com\/wp-content\/uploads\/2024\/03\/Cueva_de_los_Carracos_El_Penon_Santander_FCR0238.jpg\" class=\"attachment-full size-full wp-image-17682\" alt=\"\" srcset=\"https:\/\/papayotetravel.com\/wp-content\/uploads\/2024\/03\/Cueva_de_los_Carracos_El_Penon_Santander_FCR0238.jpg 2000w, https:\/\/papayotetravel.com\/wp-content\/uploads\/2024\/03\/Cueva_de_los_Carracos_El_Penon_Santander_FCR0238-300x200.jpg 300w, https:\/\/papayotetravel.com\/wp-content\/uploads\/2024\/03\/Cueva_de_los_Carracos_El_Penon_Santander_FCR0238-1280x853.jpg 1280w, https:\/\/papayotetravel.com\/wp-content\/uploads\/2024\/03\/Cueva_de_los_Carracos_El_Penon_Santander_FCR0238-768x512.jpg 768w, https:\/\/papayotetravel.com\/wp-content\/uploads\/2024\/03\/Cueva_de_los_Carracos_El_Penon_Santander_FCR0238-1536x1024.jpg 1536w, https:\/\/papayotetravel.com\/wp-content\/uploads\/2024\/03\/Cueva_de_los_Carracos_El_Penon_Santander_FCR0238-18x12.jpg 18w\" sizes=\"(max-width: 2000px) 100vw, 2000px\" \/>\t\t\t\t\t\t\t\t\t\t\t\t\t\t\t<\/div>\n\t\t\t\t<\/div>\n\t\t\t\t<\/div>\n\t\t<div class=\"elementor-element elementor-element-34507b32 e-con-full e-flex e-con e-child\" data-id=\"34507b32\" data-element_type=\"container\" data-e-type=\"container\" data-settings=\"{&quot;background_background&quot;:&quot;classic&quot;}\">\n\t\t\t\t<div class=\"elementor-element elementor-element-61219f20 elementor-widget__width-inherit elementor-widget elementor-widget-text-editor\" data-id=\"61219f20\" data-element_type=\"widget\" data-e-type=\"widget\" data-widget_type=\"text-editor.default\">\n\t\t\t\t<div class=\"elementor-widget-container\">\n\t\t\t\t\t\t\t\t\t<p>Nuestro objetivo es contribuir al desarrollo social y econ\u00f3mico del pa\u00eds, a trav\u00e9s de la preservaci\u00f3n y promoci\u00f3n del patrimonio natural y cultural. Para alcanzar ese objetivo, incorporamos una cultura de sostenibilidad en todas las \u00e1reas de nuestra empresa y contribuimos a crear conocimiento y conciencia sobre el tema, entre nuestros clientes, proveedores, socios comerciales y la sociedad en general.<\/p>\t\t\t\t\t\t\t\t<\/div>\n\t\t\t\t<\/div>\n\t\t\t\t<\/div>\n\t\t\t\t\t<\/div>\n\t\t\t\t<\/div>\n\t\t\t\t<\/div>\n\t\t","protected":false},"excerpt":{"rendered":"<p>Papayote Travel DMC Pol\u00edtica de Sostenibilidad Somos el pa\u00eds de la belleza\u00a1Somos Colombia! En Papayote Travel DM nos comprometemos a llevar a cabo una gesti\u00f3n sostenible de todas nuestras actividades mediante el desarrollo de estrategias y acciones orientadas a prevenir, eliminar o reducir el impacto de nuestras actividades y servicios tanto internos como externos, as\u00ed [&hellip;]<\/p>\n","protected":false},"author":7290,"featured_media":0,"parent":0,"menu_order":0,"comment_status":"closed","ping_status":"closed","template":"","meta":{"footnotes":""},"class_list":["post-12013","page","type-page","status-publish","hentry"],"yoast_head":"<!-- This site is optimized with the Yoast SEO plugin v27.3 - https:\/\/yoast.com\/product\/yoast-seo-wordpress\/ -->\n<title>Pol\u00edtica de Sostenibilidad - Papayote Travel<\/title>\n<meta name=\"robots\" content=\"index, follow, max-snippet:-1, max-image-preview:large, max-video-preview:-1\" \/>\n<link rel=\"canonical\" href=\"https:\/\/papayotetravel.com\/es\/politica-de-sostenibilidad\/\" \/>\n<meta name=\"twitter:label1\" content=\"Tiempo de lectura\" \/>\n\t<meta name=\"twitter:data1\" content=\"2 minutos\" \/>\n<script type=\"application\/ld+json\" class=\"yoast-schema-graph\">{\"@context\":\"https:\\\/\\\/schema.org\",\"@graph\":[{\"@type\":\"WebPage\",\"@id\":\"https:\\\/\\\/papayotetravel.com\\\/politica-de-sostenibilidad\\\/\",\"url\":\"https:\\\/\\\/papayotetravel.com\\\/politica-de-sostenibilidad\\\/\",\"name\":\"Pol\u00edtica de Sostenibilidad - Papayote Travel\",\"isPartOf\":{\"@id\":\"https:\\\/\\\/papayotetravel.com\\\/#website\"},\"primaryImageOfPage\":{\"@id\":\"https:\\\/\\\/papayotetravel.com\\\/politica-de-sostenibilidad\\\/#primaryimage\"},\"image\":{\"@id\":\"https:\\\/\\\/papayotetravel.com\\\/politica-de-sostenibilidad\\\/#primaryimage\"},\"thumbnailUrl\":\"https:\\\/\\\/papayotetravel.com\\\/wp-content\\\/uploads\\\/2024\\\/03\\\/Choco_Trigana_FCR2761-1.jpg\",\"datePublished\":\"2017-06-08T23:18:45+00:00\",\"dateModified\":\"2024-09-19T15:58:23+00:00\",\"breadcrumb\":{\"@id\":\"https:\\\/\\\/papayotetravel.com\\\/politica-de-sostenibilidad\\\/#breadcrumb\"},\"inLanguage\":\"es\",\"potentialAction\":[{\"@type\":\"ReadAction\",\"target\":[\"https:\\\/\\\/papayotetravel.com\\\/politica-de-sostenibilidad\\\/\"]}]},{\"@type\":\"ImageObject\",\"inLanguage\":\"es\",\"@id\":\"https:\\\/\\\/papayotetravel.com\\\/politica-de-sostenibilidad\\\/#primaryimage\",\"url\":\"https:\\\/\\\/papayotetravel.com\\\/wp-content\\\/uploads\\\/2024\\\/03\\\/Choco_Trigana_FCR2761-1.jpg\",\"contentUrl\":\"https:\\\/\\\/papayotetravel.com\\\/wp-content\\\/uploads\\\/2024\\\/03\\\/Choco_Trigana_FCR2761-1.jpg\"},{\"@type\":\"BreadcrumbList\",\"@id\":\"https:\\\/\\\/papayotetravel.com\\\/politica-de-sostenibilidad\\\/#breadcrumb\",\"itemListElement\":[{\"@type\":\"ListItem\",\"position\":1,\"name\":\"Home\",\"item\":\"https:\\\/\\\/papayotetravel.com\\\/\"},{\"@type\":\"ListItem\",\"position\":2,\"name\":\"Pol\u00edtica de Sostenibilidad\"}]},{\"@type\":\"WebSite\",\"@id\":\"https:\\\/\\\/papayotetravel.com\\\/#website\",\"url\":\"https:\\\/\\\/papayotetravel.com\\\/\",\"name\":\"Papayote Travel\",\"description\":\"Vive con Nosotros una Experiencia Inolvidable\",\"publisher\":{\"@id\":\"https:\\\/\\\/papayotetravel.com\\\/#organization\"},\"potentialAction\":[{\"@type\":\"SearchAction\",\"target\":{\"@type\":\"EntryPoint\",\"urlTemplate\":\"https:\\\/\\\/papayotetravel.com\\\/?s={search_term_string}\"},\"query-input\":{\"@type\":\"PropertyValueSpecification\",\"valueRequired\":true,\"valueName\":\"search_term_string\"}}],\"inLanguage\":\"es\"},{\"@type\":\"Organization\",\"@id\":\"https:\\\/\\\/papayotetravel.com\\\/#organization\",\"name\":\"Papayo DMC\",\"url\":\"https:\\\/\\\/papayotetravel.com\\\/\",\"logo\":{\"@type\":\"ImageObject\",\"inLanguage\":\"es\",\"@id\":\"https:\\\/\\\/papayotetravel.com\\\/#\\\/schema\\\/logo\\\/image\\\/\",\"url\":\"https:\\\/\\\/papayotetravel.com\\\/wp-content\\\/uploads\\\/2020\\\/03\\\/logo-papayote-travel.png\",\"contentUrl\":\"https:\\\/\\\/papayotetravel.com\\\/wp-content\\\/uploads\\\/2020\\\/03\\\/logo-papayote-travel.png\",\"width\":154,\"height\":117,\"caption\":\"Papayo DMC\"},\"image\":{\"@id\":\"https:\\\/\\\/papayotetravel.com\\\/#\\\/schema\\\/logo\\\/image\\\/\"},\"sameAs\":[\"https:\\\/\\\/www.facebook.com\\\/PapayoteTravel\"]}]}<\/script>\n<!-- \/ Yoast SEO plugin. -->","yoast_head_json":{"title":"Pol\u00edtica de Sostenibilidad - Papayote Travel","robots":{"index":"index","follow":"follow","max-snippet":"max-snippet:-1","max-image-preview":"max-image-preview:large","max-video-preview":"max-video-preview:-1"},"canonical":"https:\/\/papayotetravel.com\/es\/politica-de-sostenibilidad\/","twitter_misc":{"Tiempo de lectura":"2 minutos"},"schema":{"@context":"https:\/\/schema.org","@graph":[{"@type":"WebPage","@id":"https:\/\/papayotetravel.com\/politica-de-sostenibilidad\/","url":"https:\/\/papayotetravel.com\/politica-de-sostenibilidad\/","name":"Pol\u00edtica de Sostenibilidad - Papayote Travel","isPartOf":{"@id":"https:\/\/papayotetravel.com\/#website"},"primaryImageOfPage":{"@id":"https:\/\/papayotetravel.com\/politica-de-sostenibilidad\/#primaryimage"},"image":{"@id":"https:\/\/papayotetravel.com\/politica-de-sostenibilidad\/#primaryimage"},"thumbnailUrl":"https:\/\/papayotetravel.com\/wp-content\/uploads\/2024\/03\/Choco_Trigana_FCR2761-1.jpg","datePublished":"2017-06-08T23:18:45+00:00","dateModified":"2024-09-19T15:58:23+00:00","breadcrumb":{"@id":"https:\/\/papayotetravel.com\/politica-de-sostenibilidad\/#breadcrumb"},"inLanguage":"es","potentialAction":[{"@type":"ReadAction","target":["https:\/\/papayotetravel.com\/politica-de-sostenibilidad\/"]}]},{"@type":"ImageObject","inLanguage":"es","@id":"https:\/\/papayotetravel.com\/politica-de-sostenibilidad\/#primaryimage","url":"https:\/\/papayotetravel.com\/wp-content\/uploads\/2024\/03\/Choco_Trigana_FCR2761-1.jpg","contentUrl":"https:\/\/papayotetravel.com\/wp-content\/uploads\/2024\/03\/Choco_Trigana_FCR2761-1.jpg"},{"@type":"BreadcrumbList","@id":"https:\/\/papayotetravel.com\/politica-de-sostenibilidad\/#breadcrumb","itemListElement":[{"@type":"ListItem","position":1,"name":"Home","item":"https:\/\/papayotetravel.com\/"},{"@type":"ListItem","position":2,"name":"Pol\u00edtica de Sostenibilidad"}]},{"@type":"WebSite","@id":"https:\/\/papayotetravel.com\/#website","url":"https:\/\/papayotetravel.com\/","name":"Papayote Travel","description":"Vive con Nosotros una Experiencia Inolvidable","publisher":{"@id":"https:\/\/papayotetravel.com\/#organization"},"potentialAction":[{"@type":"SearchAction","target":{"@type":"EntryPoint","urlTemplate":"https:\/\/papayotetravel.com\/?s={search_term_string}"},"query-input":{"@type":"PropertyValueSpecification","valueRequired":true,"valueName":"search_term_string"}}],"inLanguage":"es"},{"@type":"Organization","@id":"https:\/\/papayotetravel.com\/#organization","name":"Papayo DMC","url":"https:\/\/papayotetravel.com\/","logo":{"@type":"ImageObject","inLanguage":"es","@id":"https:\/\/papayotetravel.com\/#\/schema\/logo\/image\/","url":"https:\/\/papayotetravel.com\/wp-content\/uploads\/2020\/03\/logo-papayote-travel.png","contentUrl":"https:\/\/papayotetravel.com\/wp-content\/uploads\/2020\/03\/logo-papayote-travel.png","width":154,"height":117,"caption":"Papayo DMC"},"image":{"@id":"https:\/\/papayotetravel.com\/#\/schema\/logo\/image\/"},"sameAs":["https:\/\/www.facebook.com\/PapayoteTravel"]}]}},"_links":{"self":[{"href":"https:\/\/papayotetravel.com\/es\/wp-json\/wp\/v2\/pages\/12013","targetHints":{"allow":["GET"]}}],"collection":[{"href":"https:\/\/papayotetravel.com\/es\/wp-json\/wp\/v2\/pages"}],"about":[{"href":"https:\/\/papayotetravel.com\/es\/wp-json\/wp\/v2\/types\/page"}],"author":[{"embeddable":true,"href":"https:\/\/papayotetravel.com\/es\/wp-json\/wp\/v2\/users\/7290"}],"replies":[{"embeddable":true,"href":"https:\/\/papayotetravel.com\/es\/wp-json\/wp\/v2\/comments?post=12013"}],"version-history":[{"count":32,"href":"https:\/\/papayotetravel.com\/es\/wp-json\/wp\/v2\/pages\/12013\/revisions"}],"predecessor-version":[{"id":18636,"href":"https:\/\/papayotetravel.com\/es\/wp-json\/wp\/v2\/pages\/12013\/revisions\/18636"}],"wp:attachment":[{"href":"https:\/\/papayotetravel.com\/es\/wp-json\/wp\/v2\/media?parent=12013"}],"curies":[{"name":"wp","href":"https:\/\/api.w.org\/{rel}","templated":true}]}}