{"id":17549,"date":"2024-03-26T13:36:10","date_gmt":"2024-03-26T18:36:10","guid":{"rendered":"https:\/\/papayotetravel.com\/?page_id=17549"},"modified":"2024-09-19T10:49:30","modified_gmt":"2024-09-19T15:49:30","slug":"acerca-de-medellin","status":"publish","type":"page","link":"https:\/\/papayotetravel.com\/en\/acerca-colombia\/acerca-de-medellin\/","title":{"rendered":"Acerca de Medell\u00edn"},"content":{"rendered":"<div data-elementor-type=\"wp-page\" data-elementor-id=\"17549\" class=\"elementor elementor-17549\" data-elementor-post-type=\"page\">\n\t\t\t\t<div class=\"elementor-element elementor-element-7839109f e-con-full e-flex e-con e-parent\" data-id=\"7839109f\" data-element_type=\"container\" data-e-type=\"container\" data-settings=\"{&quot;background_background&quot;:&quot;classic&quot;}\">\n\t\t<div class=\"elementor-element elementor-element-7665ce1d e-con-full e-flex e-con e-child\" data-id=\"7665ce1d\" data-element_type=\"container\" data-e-type=\"container\">\n\t\t\t\t<div class=\"elementor-element elementor-element-6d074ea8 elementor-widget elementor-widget-heading\" data-id=\"6d074ea8\" data-element_type=\"widget\" data-e-type=\"widget\" data-widget_type=\"heading.default\">\n\t\t\t\t<div class=\"elementor-widget-container\">\n\t\t\t\t\t<h4 class=\"elementor-heading-title elementor-size-default\">Live<\/h4>\t\t\t\t<\/div>\n\t\t\t\t<\/div>\n\t\t\t\t<div class=\"elementor-element elementor-element-2e7a8e74 elementor-widget elementor-widget-heading\" data-id=\"2e7a8e74\" data-element_type=\"widget\" data-e-type=\"widget\" data-widget_type=\"heading.default\">\n\t\t\t\t<div class=\"elementor-widget-container\">\n\t\t\t\t\t<h2 class=\"elementor-heading-title elementor-size-default\">Medellin!<\/h2>\t\t\t\t<\/div>\n\t\t\t\t<\/div>\n\t\t\t\t<div class=\"elementor-element elementor-element-2f8e1da elementor-widget elementor-widget-heading\" data-id=\"2f8e1da\" data-element_type=\"widget\" data-e-type=\"widget\" data-widget_type=\"heading.default\">\n\t\t\t\t<div class=\"elementor-widget-container\">\n\t\t\t\t\t<h4 class=\"elementor-heading-title elementor-size-default\">The city of eternal spring<\/h4>\t\t\t\t<\/div>\n\t\t\t\t<\/div>\n\t\t\t\t<\/div>\n\t\t\t\t<\/div>\n\t\t<div class=\"elementor-element elementor-element-29c8fe69 e-grid e-con-boxed e-con e-parent\" data-id=\"29c8fe69\" data-element_type=\"container\" data-e-type=\"container\" data-settings=\"{&quot;background_background&quot;:&quot;classic&quot;}\">\n\t\t\t\t\t<div class=\"e-con-inner\">\n\t\t<div class=\"elementor-element elementor-element-de47164 e-con-full e-flex e-con e-child\" data-id=\"de47164\" data-element_type=\"container\" data-e-type=\"container\">\n\t\t<div class=\"elementor-element elementor-element-5c983cab e-con-full e-flex e-con e-child\" data-id=\"5c983cab\" data-element_type=\"container\" data-e-type=\"container\">\n\t\t\t\t<div class=\"elementor-element elementor-element-35cab104 elementor-widget__width-auto elementor-widget-tablet__width-inherit elementor-widget elementor-widget-text-editor\" data-id=\"35cab104\" data-element_type=\"widget\" data-e-type=\"widget\" data-widget_type=\"text-editor.default\">\n\t\t\t\t<div class=\"elementor-widget-container\">\n\t\t\t\t\t\t\t\t\tThe city of eternal spring\t\t\t\t\t\t\t\t<\/div>\n\t\t\t\t<\/div>\n\t\t\t\t<div class=\"elementor-element elementor-element-5e38cce3 elementor-widget__width-initial elementor-widget elementor-widget-text-editor\" data-id=\"5e38cce3\" data-element_type=\"widget\" data-e-type=\"widget\" data-widget_type=\"text-editor.default\">\n\t\t\t\t<div class=\"elementor-widget-container\">\n\t\t\t\t\t\t\t\t\tWe are Medell\u00edn!\t\t\t\t\t\t\t\t<\/div>\n\t\t\t\t<\/div>\n\t\t\t\t<\/div>\n\t\t\t\t<div class=\"elementor-element elementor-element-c48f947 elementor-widget__width-inherit elementor-widget elementor-widget-text-editor\" data-id=\"c48f947\" data-element_type=\"widget\" data-e-type=\"widget\" data-widget_type=\"text-editor.default\">\n\t\t\t\t<div class=\"elementor-widget-container\">\n\t\t\t\t\t\t\t\t\tLive Medellin, known as the 'City of Eternal Spring', located in the heart of Colombia and surrounded by imposing mountains, with a pleasant temperature of 20\u00b0C (75\u00b0F) throughout the year, product of its lush nature and water sources that run through the city.\t\t\t\t\t\t\t\t<\/div>\n\t\t\t\t<\/div>\n\t\t\t\t<\/div>\n\t\t<div class=\"elementor-element elementor-element-48b33ff8 e-con-full e-flex e-con e-child\" data-id=\"48b33ff8\" data-element_type=\"container\" data-e-type=\"container\">\n\t\t\t\t<div class=\"elementor-element elementor-element-6c4cb9dc elementor-widget__width-inherit elementor-widget elementor-widget-image\" data-id=\"6c4cb9dc\" data-element_type=\"widget\" data-e-type=\"widget\" data-widget_type=\"image.default\">\n\t\t\t\t<div class=\"elementor-widget-container\">\n\t\t\t\t\t\t\t\t\t\t\t\t\t\t\t<img decoding=\"async\" src=\"https:\/\/papayotetravel.com\/wp-content\/uploads\/2024\/06\/medellin.png\" title=\"medellin\" alt=\"medellin\" loading=\"lazy\" \/>\t\t\t\t\t\t\t\t\t\t\t\t\t\t\t<\/div>\n\t\t\t\t<\/div>\n\t\t\t\t<\/div>\n\t\t\t\t\t<\/div>\n\t\t\t\t<\/div>\n\t\t<div class=\"elementor-element elementor-element-37862367 e-flex e-con-boxed e-con e-parent\" data-id=\"37862367\" data-element_type=\"container\" data-e-type=\"container\">\n\t\t\t\t\t<div class=\"e-con-inner\">\n\t\t<div class=\"elementor-element elementor-element-3e3b375d e-con-full e-flex e-con e-child\" data-id=\"3e3b375d\" data-element_type=\"container\" data-e-type=\"container\">\n\t\t\t\t<div class=\"elementor-element elementor-element-164cae86 elementor-widget elementor-widget-image\" data-id=\"164cae86\" data-element_type=\"widget\" data-e-type=\"widget\" data-widget_type=\"image.default\">\n\t\t\t\t<div class=\"elementor-widget-container\">\n\t\t\t\t\t\t\t\t\t\t\t\t\t\t\t<img fetchpriority=\"high\" decoding=\"async\" width=\"2272\" height=\"1704\" src=\"https:\/\/papayotetravel.com\/wp-content\/uploads\/2024\/06\/IMG_02221PIEDRA.jpg\" class=\"attachment-full size-full wp-image-18032\" alt=\"\" srcset=\"https:\/\/papayotetravel.com\/wp-content\/uploads\/2024\/06\/IMG_02221PIEDRA.jpg 2272w, https:\/\/papayotetravel.com\/wp-content\/uploads\/2024\/06\/IMG_02221PIEDRA-300x225.jpg 300w, https:\/\/papayotetravel.com\/wp-content\/uploads\/2024\/06\/IMG_02221PIEDRA-1280x960.jpg 1280w, https:\/\/papayotetravel.com\/wp-content\/uploads\/2024\/06\/IMG_02221PIEDRA-768x576.jpg 768w, https:\/\/papayotetravel.com\/wp-content\/uploads\/2024\/06\/IMG_02221PIEDRA-1536x1152.jpg 1536w, https:\/\/papayotetravel.com\/wp-content\/uploads\/2024\/06\/IMG_02221PIEDRA-2048x1536.jpg 2048w, https:\/\/papayotetravel.com\/wp-content\/uploads\/2024\/06\/IMG_02221PIEDRA-16x12.jpg 16w\" sizes=\"(max-width: 2272px) 100vw, 2272px\" \/>\t\t\t\t\t\t\t\t\t\t\t\t\t\t\t<\/div>\n\t\t\t\t<\/div>\n\t\t\t\t<\/div>\n\t\t<div class=\"elementor-element elementor-element-4089eeb6 e-con-full e-flex e-con e-child\" data-id=\"4089eeb6\" data-element_type=\"container\" data-e-type=\"container\" data-settings=\"{&quot;background_background&quot;:&quot;classic&quot;}\">\n\t\t\t\t<div class=\"elementor-element elementor-element-68e1ca11 elementor-widget__width-inherit elementor-widget elementor-widget-text-editor\" data-id=\"68e1ca11\" data-element_type=\"widget\" data-e-type=\"widget\" data-widget_type=\"text-editor.default\">\n\t\t\t\t<div class=\"elementor-widget-container\">\n\t\t\t\t\t\t\t\t\t<p>Awarded as the Most Innovative City in the World in 2013, in Medellin, you will feel at home, surrounded by welcoming people who will make your visit unforgettable. This vibrant city, between innovation and an enterprising population, whose character brims with service and friendliness, will welcome you!<\/p>\t\t\t\t\t\t\t\t<\/div>\n\t\t\t\t<\/div>\n\t\t\t\t<\/div>\n\t\t\t\t\t<\/div>\n\t\t\t\t<\/div>\n\t\t<div class=\"elementor-element elementor-element-81c976f e-flex e-con-boxed e-con e-parent\" data-id=\"81c976f\" data-element_type=\"container\" data-e-type=\"container\" data-settings=\"{&quot;background_background&quot;:&quot;classic&quot;}\">\n\t\t\t\t\t<div class=\"e-con-inner\">\n\t\t<div class=\"elementor-element elementor-element-6389d4ab e-con-full e-flex e-con e-child\" data-id=\"6389d4ab\" data-element_type=\"container\" data-e-type=\"container\">\n\t\t\t\t<div class=\"elementor-element elementor-element-5a2f2203 elementor-widget elementor-widget-image\" data-id=\"5a2f2203\" data-element_type=\"widget\" data-e-type=\"widget\" data-widget_type=\"image.default\">\n\t\t\t\t<div class=\"elementor-widget-container\">\n\t\t\t\t\t\t\t\t\t\t\t\t\t\t\t<img decoding=\"async\" width=\"2560\" height=\"1703\" src=\"https:\/\/papayotetravel.com\/wp-content\/uploads\/2024\/03\/FF11009-scaled.jpg\" class=\"attachment-full size-full wp-image-17555\" alt=\"\" srcset=\"https:\/\/papayotetravel.com\/wp-content\/uploads\/2024\/03\/FF11009-scaled.jpg 2560w, https:\/\/papayotetravel.com\/wp-content\/uploads\/2024\/03\/FF11009-300x200.jpg 300w, https:\/\/papayotetravel.com\/wp-content\/uploads\/2024\/03\/FF11009-1280x852.jpg 1280w, https:\/\/papayotetravel.com\/wp-content\/uploads\/2024\/03\/FF11009-768x511.jpg 768w, https:\/\/papayotetravel.com\/wp-content\/uploads\/2024\/03\/FF11009-1536x1022.jpg 1536w, https:\/\/papayotetravel.com\/wp-content\/uploads\/2024\/03\/FF11009-2048x1363.jpg 2048w, https:\/\/papayotetravel.com\/wp-content\/uploads\/2024\/03\/FF11009-18x12.jpg 18w\" sizes=\"(max-width: 2560px) 100vw, 2560px\" \/>\t\t\t\t\t\t\t\t\t\t\t\t\t\t\t<\/div>\n\t\t\t\t<\/div>\n\t\t\t\t<\/div>\n\t\t<div class=\"elementor-element elementor-element-17ddcbe0 e-con-full e-flex e-con e-child\" data-id=\"17ddcbe0\" data-element_type=\"container\" data-e-type=\"container\" data-settings=\"{&quot;background_background&quot;:&quot;classic&quot;}\">\n\t\t\t\t<div class=\"elementor-element elementor-element-46c3e990 elementor-widget__width-inherit elementor-widget elementor-widget-text-editor\" data-id=\"46c3e990\" data-element_type=\"widget\" data-e-type=\"widget\" data-widget_type=\"text-editor.default\">\n\t\t\t\t<div class=\"elementor-widget-container\">\n\t\t\t\t\t\t\t\t\tLeaving Medellin, you will find the warmth of picturesque villages, where time seems to have stopped, every space and every street exudes a sense of nostalgia and authenticity. \t\t\t\t\t\t\t\t<\/div>\n\t\t\t\t<\/div>\n\t\t\t\t<\/div>\n\t\t\t\t\t<\/div>\n\t\t\t\t<\/div>\n\t\t\t\t<\/div>","protected":false},"excerpt":{"rendered":"<p>\u00a1Vive Medell\u00edn! La ciudad de la eterna primavera La eterna primavera\u00a1Somos Medell\u00edn!Vive Medell\u00edn, conocida como la &#8216;Ciudad de la Eterna Primavera&#8217;, ubicada en el coraz\u00f3n de Colombia y rodeada de imponentes monta\u00f1as,con una agradable temperatura de 19 \u00b0C durante todo el a\u00f1o, producto de su naturaleza exuberante y las fuentes h\u00eddricas que recorren la ciudad. [&hellip;]<\/p>\n","protected":false},"author":7290,"featured_media":14993,"parent":15046,"menu_order":0,"comment_status":"closed","ping_status":"closed","template":"","meta":{"footnotes":""},"class_list":["post-17549","page","type-page","status-publish","has-post-thumbnail","hentry"],"yoast_head":"<!-- This site is optimized with the Yoast SEO plugin v27.4 - https:\/\/yoast.com\/product\/yoast-seo-wordpress\/ -->\n<title>Acerca de Medell\u00edn - Papayote Travel<\/title>\n<meta name=\"robots\" content=\"index, follow, max-snippet:-1, max-image-preview:large, max-video-preview:-1\" \/>\n<link rel=\"canonical\" href=\"https:\/\/papayotetravel.com\/en\/acerca-colombia\/acerca-de-medellin\/\" \/>\n<meta name=\"twitter:label1\" content=\"Est. reading time\" \/>\n\t<meta name=\"twitter:data1\" content=\"2 minutes\" \/>\n<script type=\"application\/ld+json\" class=\"yoast-schema-graph\">{\"@context\":\"https:\\\/\\\/schema.org\",\"@graph\":[{\"@type\":\"WebPage\",\"@id\":\"https:\\\/\\\/papayotetravel.com\\\/acerca-colombia\\\/acerca-de-medellin\\\/\",\"url\":\"https:\\\/\\\/papayotetravel.com\\\/acerca-colombia\\\/acerca-de-medellin\\\/\",\"name\":\"Acerca de Medell\u00edn - Papayote Travel\",\"isPartOf\":{\"@id\":\"https:\\\/\\\/papayotetravel.com\\\/#website\"},\"primaryImageOfPage\":{\"@id\":\"https:\\\/\\\/papayotetravel.com\\\/acerca-colombia\\\/acerca-de-medellin\\\/#primaryimage\"},\"image\":{\"@id\":\"https:\\\/\\\/papayotetravel.com\\\/acerca-colombia\\\/acerca-de-medellin\\\/#primaryimage\"},\"thumbnailUrl\":\"https:\\\/\\\/papayotetravel.com\\\/wp-content\\\/uploads\\\/2020\\\/06\\\/barranquilla_tour_galapa_artesanias-1.jpg\",\"datePublished\":\"2024-03-26T18:36:10+00:00\",\"dateModified\":\"2024-09-19T15:49:30+00:00\",\"breadcrumb\":{\"@id\":\"https:\\\/\\\/papayotetravel.com\\\/acerca-colombia\\\/acerca-de-medellin\\\/#breadcrumb\"},\"inLanguage\":\"en-US\",\"potentialAction\":[{\"@type\":\"ReadAction\",\"target\":[\"https:\\\/\\\/papayotetravel.com\\\/acerca-colombia\\\/acerca-de-medellin\\\/\"]}]},{\"@type\":\"ImageObject\",\"inLanguage\":\"en-US\",\"@id\":\"https:\\\/\\\/papayotetravel.com\\\/acerca-colombia\\\/acerca-de-medellin\\\/#primaryimage\",\"url\":\"https:\\\/\\\/papayotetravel.com\\\/wp-content\\\/uploads\\\/2020\\\/06\\\/barranquilla_tour_galapa_artesanias-1.jpg\",\"contentUrl\":\"https:\\\/\\\/papayotetravel.com\\\/wp-content\\\/uploads\\\/2020\\\/06\\\/barranquilla_tour_galapa_artesanias-1.jpg\",\"width\":600,\"height\":400},{\"@type\":\"BreadcrumbList\",\"@id\":\"https:\\\/\\\/papayotetravel.com\\\/acerca-colombia\\\/acerca-de-medellin\\\/#breadcrumb\",\"itemListElement\":[{\"@type\":\"ListItem\",\"position\":1,\"name\":\"Home\",\"item\":\"https:\\\/\\\/papayotetravel.com\\\/\"},{\"@type\":\"ListItem\",\"position\":2,\"name\":\"Acerca de Colombia\",\"item\":\"https:\\\/\\\/papayotetravel.com\\\/acerca-colombia\\\/\"},{\"@type\":\"ListItem\",\"position\":3,\"name\":\"Acerca de Medell\u00edn\"}]},{\"@type\":\"WebSite\",\"@id\":\"https:\\\/\\\/papayotetravel.com\\\/#website\",\"url\":\"https:\\\/\\\/papayotetravel.com\\\/\",\"name\":\"Papayote Travel\",\"description\":\"Vive con Nosotros una Experiencia Inolvidable\",\"publisher\":{\"@id\":\"https:\\\/\\\/papayotetravel.com\\\/#organization\"},\"potentialAction\":[{\"@type\":\"SearchAction\",\"target\":{\"@type\":\"EntryPoint\",\"urlTemplate\":\"https:\\\/\\\/papayotetravel.com\\\/?s={search_term_string}\"},\"query-input\":{\"@type\":\"PropertyValueSpecification\",\"valueRequired\":true,\"valueName\":\"search_term_string\"}}],\"inLanguage\":\"en-US\"},{\"@type\":\"Organization\",\"@id\":\"https:\\\/\\\/papayotetravel.com\\\/#organization\",\"name\":\"Papayo DMC\",\"url\":\"https:\\\/\\\/papayotetravel.com\\\/\",\"logo\":{\"@type\":\"ImageObject\",\"inLanguage\":\"en-US\",\"@id\":\"https:\\\/\\\/papayotetravel.com\\\/#\\\/schema\\\/logo\\\/image\\\/\",\"url\":\"https:\\\/\\\/papayotetravel.com\\\/wp-content\\\/uploads\\\/2020\\\/03\\\/logo-papayote-travel.png\",\"contentUrl\":\"https:\\\/\\\/papayotetravel.com\\\/wp-content\\\/uploads\\\/2020\\\/03\\\/logo-papayote-travel.png\",\"width\":154,\"height\":117,\"caption\":\"Papayo DMC\"},\"image\":{\"@id\":\"https:\\\/\\\/papayotetravel.com\\\/#\\\/schema\\\/logo\\\/image\\\/\"},\"sameAs\":[\"https:\\\/\\\/www.facebook.com\\\/PapayoteTravel\"]}]}<\/script>\n<!-- \/ Yoast SEO plugin. -->","yoast_head_json":{"title":"Acerca de Medell\u00edn - Papayote Travel","robots":{"index":"index","follow":"follow","max-snippet":"max-snippet:-1","max-image-preview":"max-image-preview:large","max-video-preview":"max-video-preview:-1"},"canonical":"https:\/\/papayotetravel.com\/en\/acerca-colombia\/acerca-de-medellin\/","twitter_misc":{"Est. reading time":"2 minutes"},"schema":{"@context":"https:\/\/schema.org","@graph":[{"@type":"WebPage","@id":"https:\/\/papayotetravel.com\/acerca-colombia\/acerca-de-medellin\/","url":"https:\/\/papayotetravel.com\/acerca-colombia\/acerca-de-medellin\/","name":"Acerca de Medell\u00edn - Papayote Travel","isPartOf":{"@id":"https:\/\/papayotetravel.com\/#website"},"primaryImageOfPage":{"@id":"https:\/\/papayotetravel.com\/acerca-colombia\/acerca-de-medellin\/#primaryimage"},"image":{"@id":"https:\/\/papayotetravel.com\/acerca-colombia\/acerca-de-medellin\/#primaryimage"},"thumbnailUrl":"https:\/\/papayotetravel.com\/wp-content\/uploads\/2020\/06\/barranquilla_tour_galapa_artesanias-1.jpg","datePublished":"2024-03-26T18:36:10+00:00","dateModified":"2024-09-19T15:49:30+00:00","breadcrumb":{"@id":"https:\/\/papayotetravel.com\/acerca-colombia\/acerca-de-medellin\/#breadcrumb"},"inLanguage":"en-US","potentialAction":[{"@type":"ReadAction","target":["https:\/\/papayotetravel.com\/acerca-colombia\/acerca-de-medellin\/"]}]},{"@type":"ImageObject","inLanguage":"en-US","@id":"https:\/\/papayotetravel.com\/acerca-colombia\/acerca-de-medellin\/#primaryimage","url":"https:\/\/papayotetravel.com\/wp-content\/uploads\/2020\/06\/barranquilla_tour_galapa_artesanias-1.jpg","contentUrl":"https:\/\/papayotetravel.com\/wp-content\/uploads\/2020\/06\/barranquilla_tour_galapa_artesanias-1.jpg","width":600,"height":400},{"@type":"BreadcrumbList","@id":"https:\/\/papayotetravel.com\/acerca-colombia\/acerca-de-medellin\/#breadcrumb","itemListElement":[{"@type":"ListItem","position":1,"name":"Home","item":"https:\/\/papayotetravel.com\/"},{"@type":"ListItem","position":2,"name":"Acerca de Colombia","item":"https:\/\/papayotetravel.com\/acerca-colombia\/"},{"@type":"ListItem","position":3,"name":"Acerca de Medell\u00edn"}]},{"@type":"WebSite","@id":"https:\/\/papayotetravel.com\/#website","url":"https:\/\/papayotetravel.com\/","name":"Papayote Travel","description":"Vive con Nosotros una Experiencia Inolvidable","publisher":{"@id":"https:\/\/papayotetravel.com\/#organization"},"potentialAction":[{"@type":"SearchAction","target":{"@type":"EntryPoint","urlTemplate":"https:\/\/papayotetravel.com\/?s={search_term_string}"},"query-input":{"@type":"PropertyValueSpecification","valueRequired":true,"valueName":"search_term_string"}}],"inLanguage":"en-US"},{"@type":"Organization","@id":"https:\/\/papayotetravel.com\/#organization","name":"Papayo DMC","url":"https:\/\/papayotetravel.com\/","logo":{"@type":"ImageObject","inLanguage":"en-US","@id":"https:\/\/papayotetravel.com\/#\/schema\/logo\/image\/","url":"https:\/\/papayotetravel.com\/wp-content\/uploads\/2020\/03\/logo-papayote-travel.png","contentUrl":"https:\/\/papayotetravel.com\/wp-content\/uploads\/2020\/03\/logo-papayote-travel.png","width":154,"height":117,"caption":"Papayo DMC"},"image":{"@id":"https:\/\/papayotetravel.com\/#\/schema\/logo\/image\/"},"sameAs":["https:\/\/www.facebook.com\/PapayoteTravel"]}]}},"_links":{"self":[{"href":"https:\/\/papayotetravel.com\/en\/wp-json\/wp\/v2\/pages\/17549","targetHints":{"allow":["GET"]}}],"collection":[{"href":"https:\/\/papayotetravel.com\/en\/wp-json\/wp\/v2\/pages"}],"about":[{"href":"https:\/\/papayotetravel.com\/en\/wp-json\/wp\/v2\/types\/page"}],"author":[{"embeddable":true,"href":"https:\/\/papayotetravel.com\/en\/wp-json\/wp\/v2\/users\/7290"}],"replies":[{"embeddable":true,"href":"https:\/\/papayotetravel.com\/en\/wp-json\/wp\/v2\/comments?post=17549"}],"version-history":[{"count":26,"href":"https:\/\/papayotetravel.com\/en\/wp-json\/wp\/v2\/pages\/17549\/revisions"}],"predecessor-version":[{"id":18597,"href":"https:\/\/papayotetravel.com\/en\/wp-json\/wp\/v2\/pages\/17549\/revisions\/18597"}],"up":[{"embeddable":true,"href":"https:\/\/papayotetravel.com\/en\/wp-json\/wp\/v2\/pages\/15046"}],"wp:featuredmedia":[{"embeddable":true,"href":"https:\/\/papayotetravel.com\/en\/wp-json\/wp\/v2\/media\/14993"}],"wp:attachment":[{"href":"https:\/\/papayotetravel.com\/en\/wp-json\/wp\/v2\/media?parent=17549"}],"curies":[{"name":"wp","href":"https:\/\/api.w.org\/{rel}","templated":true}]}}