{"id":17540,"date":"2024-03-26T13:30:42","date_gmt":"2024-03-26T18:30:42","guid":{"rendered":"https:\/\/papayotetravel.com\/?page_id=17540"},"modified":"2024-09-19T10:49:08","modified_gmt":"2024-09-19T15:49:08","slug":"acerca-de-eje-cafetero","status":"publish","type":"page","link":"https:\/\/papayotetravel.com\/en\/acerca-colombia\/acerca-de-eje-cafetero\/","title":{"rendered":"Acerca de Eje Cafetero"},"content":{"rendered":"<div data-elementor-type=\"wp-page\" data-elementor-id=\"17540\" class=\"elementor elementor-17540\" data-elementor-post-type=\"page\">\n\t\t\t\t<div class=\"elementor-element elementor-element-7839109f e-con-full e-flex e-con e-parent\" data-id=\"7839109f\" data-element_type=\"container\" data-e-type=\"container\" data-settings=\"{&quot;background_background&quot;:&quot;classic&quot;}\">\n\t\t<div class=\"elementor-element elementor-element-7665ce1d e-con-full e-flex e-con e-child\" data-id=\"7665ce1d\" data-element_type=\"container\" data-e-type=\"container\">\n\t\t\t\t<div class=\"elementor-element elementor-element-6d074ea8 elementor-widget elementor-widget-heading\" data-id=\"6d074ea8\" data-element_type=\"widget\" data-e-type=\"widget\" data-widget_type=\"heading.default\">\n\t\t\t\t<div class=\"elementor-widget-container\">\n\t\t\t\t\t<h4 class=\"elementor-heading-title elementor-size-default\">Live<\/h4>\t\t\t\t<\/div>\n\t\t\t\t<\/div>\n\t\t\t\t<div class=\"elementor-element elementor-element-2e7a8e74 elementor-widget elementor-widget-heading\" data-id=\"2e7a8e74\" data-element_type=\"widget\" data-e-type=\"widget\" data-widget_type=\"heading.default\">\n\t\t\t\t<div class=\"elementor-widget-container\">\n\t\t\t\t\t<h2 class=\"elementor-heading-title elementor-size-default\">Coffee Region!<\/h2>\t\t\t\t<\/div>\n\t\t\t\t<\/div>\n\t\t\t\t<div class=\"elementor-element elementor-element-2f8e1da elementor-widget elementor-widget-heading\" data-id=\"2f8e1da\" data-element_type=\"widget\" data-e-type=\"widget\" data-widget_type=\"heading.default\">\n\t\t\t\t<div class=\"elementor-widget-container\">\n\t\t\t\t\t<h4 class=\"elementor-heading-title elementor-size-default\">Enjoy the Coffee Culture of Pereira<\/h4>\t\t\t\t<\/div>\n\t\t\t\t<\/div>\n\t\t\t\t<\/div>\n\t\t\t\t<\/div>\n\t\t<div class=\"elementor-element elementor-element-4c629bfc e-grid e-con-boxed e-con e-parent\" data-id=\"4c629bfc\" data-element_type=\"container\" data-e-type=\"container\" data-settings=\"{&quot;background_background&quot;:&quot;classic&quot;}\">\n\t\t\t\t\t<div class=\"e-con-inner\">\n\t\t<div class=\"elementor-element elementor-element-bf587ce e-con-full e-flex e-con e-child\" data-id=\"bf587ce\" data-element_type=\"container\" data-e-type=\"container\">\n\t\t<div class=\"elementor-element elementor-element-6c1c491a e-con-full e-flex e-con e-child\" data-id=\"6c1c491a\" data-element_type=\"container\" data-e-type=\"container\">\n\t\t\t\t<div class=\"elementor-element elementor-element-3554cdb5 elementor-widget__width-auto elementor-widget-tablet__width-inherit elementor-widget elementor-widget-text-editor\" data-id=\"3554cdb5\" data-element_type=\"widget\" data-e-type=\"widget\" data-widget_type=\"text-editor.default\">\n\t\t\t\t<div class=\"elementor-widget-container\">\n\t\t\t\t\t\t\t\t\tEnjoy the Coffee Culture of Pereira\t\t\t\t\t\t\t\t<\/div>\n\t\t\t\t<\/div>\n\t\t\t\t<div class=\"elementor-element elementor-element-2e63e9a1 elementor-widget__width-initial elementor-widget elementor-widget-text-editor\" data-id=\"2e63e9a1\" data-element_type=\"widget\" data-e-type=\"widget\" data-widget_type=\"text-editor.default\">\n\t\t\t\t<div class=\"elementor-widget-container\">\n\t\t\t\t\t\t\t\t\t<p>We are the Coffee Region!<\/p>\t\t\t\t\t\t\t\t<\/div>\n\t\t\t\t<\/div>\n\t\t\t\t<\/div>\n\t\t\t\t<div class=\"elementor-element elementor-element-76457580 elementor-widget__width-inherit elementor-widget elementor-widget-text-editor\" data-id=\"76457580\" data-element_type=\"widget\" data-e-type=\"widget\" data-widget_type=\"text-editor.default\">\n\t\t\t\t<div class=\"elementor-widget-container\">\n\t\t\t\t\t\t\t\t\tImmerse yourself in the Coffee Cultural Landscape, recognized as a UNESCO World Heritage Site, blending nature and the vibrant culture of this unique land where coffee fields have been the most significant human fabric interweaving the region's identity. Every corner of this land emanates a vibrant energy that embraces you.\t\t\t\t\t\t\t\t<\/div>\n\t\t\t\t<\/div>\n\t\t\t\t<\/div>\n\t\t<div class=\"elementor-element elementor-element-db7e466 e-con-full e-flex e-con e-child\" data-id=\"db7e466\" data-element_type=\"container\" data-e-type=\"container\">\n\t\t\t\t<div class=\"elementor-element elementor-element-3092eac8 elementor-widget__width-inherit elementor-widget elementor-widget-image\" data-id=\"3092eac8\" data-element_type=\"widget\" data-e-type=\"widget\" data-widget_type=\"image.default\">\n\t\t\t\t<div class=\"elementor-widget-container\">\n\t\t\t\t\t\t\t\t\t\t\t\t\t\t\t<img decoding=\"async\" src=\"https:\/\/papayotetravel.com\/wp-content\/uploads\/2024\/06\/region_cafetera.png\" title=\"region_cafetera\" alt=\"region_cafetera\" loading=\"lazy\" \/>\t\t\t\t\t\t\t\t\t\t\t\t\t\t\t<\/div>\n\t\t\t\t<\/div>\n\t\t\t\t<\/div>\n\t\t\t\t\t<\/div>\n\t\t\t\t<\/div>\n\t\t<div class=\"elementor-element elementor-element-2ffe90fc e-flex e-con-boxed e-con e-parent\" data-id=\"2ffe90fc\" data-element_type=\"container\" data-e-type=\"container\">\n\t\t\t\t\t<div class=\"e-con-inner\">\n\t\t<div class=\"elementor-element elementor-element-7e644a59 e-con-full e-flex e-con e-child\" data-id=\"7e644a59\" data-element_type=\"container\" data-e-type=\"container\">\n\t\t\t\t<div class=\"elementor-element elementor-element-3d3b35eb elementor-widget elementor-widget-image\" data-id=\"3d3b35eb\" data-element_type=\"widget\" data-e-type=\"widget\" data-widget_type=\"image.default\">\n\t\t\t\t<div class=\"elementor-widget-container\">\n\t\t\t\t\t\t\t\t\t\t\t\t\t\t\t<img fetchpriority=\"high\" decoding=\"async\" width=\"1280\" height=\"853\" src=\"https:\/\/papayotetravel.com\/wp-content\/uploads\/2024\/03\/armenia_eje_cafetero.jpg\" class=\"attachment-full size-full wp-image-17544\" alt=\"\" srcset=\"https:\/\/papayotetravel.com\/wp-content\/uploads\/2024\/03\/armenia_eje_cafetero.jpg 1280w, https:\/\/papayotetravel.com\/wp-content\/uploads\/2024\/03\/armenia_eje_cafetero-300x200.jpg 300w, https:\/\/papayotetravel.com\/wp-content\/uploads\/2024\/03\/armenia_eje_cafetero-768x512.jpg 768w, https:\/\/papayotetravel.com\/wp-content\/uploads\/2024\/03\/armenia_eje_cafetero-18x12.jpg 18w\" sizes=\"(max-width: 1280px) 100vw, 1280px\" \/>\t\t\t\t\t\t\t\t\t\t\t\t\t\t\t<\/div>\n\t\t\t\t<\/div>\n\t\t\t\t<\/div>\n\t\t<div class=\"elementor-element elementor-element-1433a5c5 e-con-full e-flex e-con e-child\" data-id=\"1433a5c5\" data-element_type=\"container\" data-e-type=\"container\" data-settings=\"{&quot;background_background&quot;:&quot;classic&quot;}\">\n\t\t\t\t<div class=\"elementor-element elementor-element-6c73e300 elementor-widget__width-inherit elementor-widget elementor-widget-text-editor\" data-id=\"6c73e300\" data-element_type=\"widget\" data-e-type=\"widget\" data-widget_type=\"text-editor.default\">\n\t\t\t\t<div class=\"elementor-widget-container\">\n\t\t\t\t\t\t\t\t\tSum\u00e9rgete en el Paisaje Cultural Cafetero, reconocido como Patrimonio de la Humanidad por la Unesco, fusionando la naturaleza y la cultura pujante de esta tierra \u00fanica donde los campos de caf\u00e9 han sido el\u00a0 tejido humano m\u00e1s importante que entrelaza la identidad de la regi\u00f3n.\n\nCada rinc\u00f3n de esta tierra emana una energ\u00eda vibrante que te abraza.\t\t\t\t\t\t\t\t<\/div>\n\t\t\t\t<\/div>\n\t\t\t\t<\/div>\n\t\t\t\t\t<\/div>\n\t\t\t\t<\/div>\n\t\t\t\t<\/div>","protected":false},"excerpt":{"rendered":"<p>\u00a1Vive la Regi\u00f3n Cafetera! Disfruta de La cultura cafetera de Pereira Pereira capital del Eje \u00a1Somos La Regi\u00f3n Cafetera! Descubre la magia de los Andes colombianos en el coraz\u00f3n del Eje Cafetero, un rinc\u00f3n vibrante entre monta\u00f1as imponentes, campos de caf\u00e9 exuberantes y pintorescos pueblos de herencia colonial. En Caldas, Quind\u00edo, Risaralda y el norte [&hellip;]<\/p>\n","protected":false},"author":7290,"featured_media":14993,"parent":15046,"menu_order":0,"comment_status":"closed","ping_status":"closed","template":"","meta":{"footnotes":""},"class_list":["post-17540","page","type-page","status-publish","has-post-thumbnail","hentry"],"yoast_head":"<!-- This site is optimized with the Yoast SEO plugin v27.3 - https:\/\/yoast.com\/product\/yoast-seo-wordpress\/ -->\n<title>Acerca de Eje Cafetero - Papayote Travel<\/title>\n<meta name=\"robots\" content=\"index, follow, max-snippet:-1, max-image-preview:large, max-video-preview:-1\" \/>\n<link rel=\"canonical\" href=\"https:\/\/papayotetravel.com\/en\/acerca-colombia\/acerca-de-eje-cafetero\/\" \/>\n<meta name=\"twitter:label1\" content=\"Est. reading time\" \/>\n\t<meta name=\"twitter:data1\" content=\"2 minutes\" \/>\n<script type=\"application\/ld+json\" class=\"yoast-schema-graph\">{\"@context\":\"https:\\\/\\\/schema.org\",\"@graph\":[{\"@type\":\"WebPage\",\"@id\":\"https:\\\/\\\/papayotetravel.com\\\/acerca-colombia\\\/acerca-de-eje-cafetero\\\/\",\"url\":\"https:\\\/\\\/papayotetravel.com\\\/acerca-colombia\\\/acerca-de-eje-cafetero\\\/\",\"name\":\"Acerca de Eje Cafetero - Papayote Travel\",\"isPartOf\":{\"@id\":\"https:\\\/\\\/papayotetravel.com\\\/#website\"},\"primaryImageOfPage\":{\"@id\":\"https:\\\/\\\/papayotetravel.com\\\/acerca-colombia\\\/acerca-de-eje-cafetero\\\/#primaryimage\"},\"image\":{\"@id\":\"https:\\\/\\\/papayotetravel.com\\\/acerca-colombia\\\/acerca-de-eje-cafetero\\\/#primaryimage\"},\"thumbnailUrl\":\"https:\\\/\\\/papayotetravel.com\\\/wp-content\\\/uploads\\\/2020\\\/06\\\/barranquilla_tour_galapa_artesanias-1.jpg\",\"datePublished\":\"2024-03-26T18:30:42+00:00\",\"dateModified\":\"2024-09-19T15:49:08+00:00\",\"breadcrumb\":{\"@id\":\"https:\\\/\\\/papayotetravel.com\\\/acerca-colombia\\\/acerca-de-eje-cafetero\\\/#breadcrumb\"},\"inLanguage\":\"en-US\",\"potentialAction\":[{\"@type\":\"ReadAction\",\"target\":[\"https:\\\/\\\/papayotetravel.com\\\/acerca-colombia\\\/acerca-de-eje-cafetero\\\/\"]}]},{\"@type\":\"ImageObject\",\"inLanguage\":\"en-US\",\"@id\":\"https:\\\/\\\/papayotetravel.com\\\/acerca-colombia\\\/acerca-de-eje-cafetero\\\/#primaryimage\",\"url\":\"https:\\\/\\\/papayotetravel.com\\\/wp-content\\\/uploads\\\/2020\\\/06\\\/barranquilla_tour_galapa_artesanias-1.jpg\",\"contentUrl\":\"https:\\\/\\\/papayotetravel.com\\\/wp-content\\\/uploads\\\/2020\\\/06\\\/barranquilla_tour_galapa_artesanias-1.jpg\",\"width\":600,\"height\":400},{\"@type\":\"BreadcrumbList\",\"@id\":\"https:\\\/\\\/papayotetravel.com\\\/acerca-colombia\\\/acerca-de-eje-cafetero\\\/#breadcrumb\",\"itemListElement\":[{\"@type\":\"ListItem\",\"position\":1,\"name\":\"Home\",\"item\":\"https:\\\/\\\/papayotetravel.com\\\/\"},{\"@type\":\"ListItem\",\"position\":2,\"name\":\"Acerca de Colombia\",\"item\":\"https:\\\/\\\/papayotetravel.com\\\/acerca-colombia\\\/\"},{\"@type\":\"ListItem\",\"position\":3,\"name\":\"Acerca de Eje Cafetero\"}]},{\"@type\":\"WebSite\",\"@id\":\"https:\\\/\\\/papayotetravel.com\\\/#website\",\"url\":\"https:\\\/\\\/papayotetravel.com\\\/\",\"name\":\"Papayote Travel\",\"description\":\"Vive con Nosotros una Experiencia Inolvidable\",\"publisher\":{\"@id\":\"https:\\\/\\\/papayotetravel.com\\\/#organization\"},\"potentialAction\":[{\"@type\":\"SearchAction\",\"target\":{\"@type\":\"EntryPoint\",\"urlTemplate\":\"https:\\\/\\\/papayotetravel.com\\\/?s={search_term_string}\"},\"query-input\":{\"@type\":\"PropertyValueSpecification\",\"valueRequired\":true,\"valueName\":\"search_term_string\"}}],\"inLanguage\":\"en-US\"},{\"@type\":\"Organization\",\"@id\":\"https:\\\/\\\/papayotetravel.com\\\/#organization\",\"name\":\"Papayo DMC\",\"url\":\"https:\\\/\\\/papayotetravel.com\\\/\",\"logo\":{\"@type\":\"ImageObject\",\"inLanguage\":\"en-US\",\"@id\":\"https:\\\/\\\/papayotetravel.com\\\/#\\\/schema\\\/logo\\\/image\\\/\",\"url\":\"https:\\\/\\\/papayotetravel.com\\\/wp-content\\\/uploads\\\/2020\\\/03\\\/logo-papayote-travel.png\",\"contentUrl\":\"https:\\\/\\\/papayotetravel.com\\\/wp-content\\\/uploads\\\/2020\\\/03\\\/logo-papayote-travel.png\",\"width\":154,\"height\":117,\"caption\":\"Papayo DMC\"},\"image\":{\"@id\":\"https:\\\/\\\/papayotetravel.com\\\/#\\\/schema\\\/logo\\\/image\\\/\"},\"sameAs\":[\"https:\\\/\\\/www.facebook.com\\\/PapayoteTravel\"]}]}<\/script>\n<!-- \/ Yoast SEO plugin. -->","yoast_head_json":{"title":"Acerca de Eje Cafetero - Papayote Travel","robots":{"index":"index","follow":"follow","max-snippet":"max-snippet:-1","max-image-preview":"max-image-preview:large","max-video-preview":"max-video-preview:-1"},"canonical":"https:\/\/papayotetravel.com\/en\/acerca-colombia\/acerca-de-eje-cafetero\/","twitter_misc":{"Est. reading time":"2 minutes"},"schema":{"@context":"https:\/\/schema.org","@graph":[{"@type":"WebPage","@id":"https:\/\/papayotetravel.com\/acerca-colombia\/acerca-de-eje-cafetero\/","url":"https:\/\/papayotetravel.com\/acerca-colombia\/acerca-de-eje-cafetero\/","name":"Acerca de Eje Cafetero - Papayote Travel","isPartOf":{"@id":"https:\/\/papayotetravel.com\/#website"},"primaryImageOfPage":{"@id":"https:\/\/papayotetravel.com\/acerca-colombia\/acerca-de-eje-cafetero\/#primaryimage"},"image":{"@id":"https:\/\/papayotetravel.com\/acerca-colombia\/acerca-de-eje-cafetero\/#primaryimage"},"thumbnailUrl":"https:\/\/papayotetravel.com\/wp-content\/uploads\/2020\/06\/barranquilla_tour_galapa_artesanias-1.jpg","datePublished":"2024-03-26T18:30:42+00:00","dateModified":"2024-09-19T15:49:08+00:00","breadcrumb":{"@id":"https:\/\/papayotetravel.com\/acerca-colombia\/acerca-de-eje-cafetero\/#breadcrumb"},"inLanguage":"en-US","potentialAction":[{"@type":"ReadAction","target":["https:\/\/papayotetravel.com\/acerca-colombia\/acerca-de-eje-cafetero\/"]}]},{"@type":"ImageObject","inLanguage":"en-US","@id":"https:\/\/papayotetravel.com\/acerca-colombia\/acerca-de-eje-cafetero\/#primaryimage","url":"https:\/\/papayotetravel.com\/wp-content\/uploads\/2020\/06\/barranquilla_tour_galapa_artesanias-1.jpg","contentUrl":"https:\/\/papayotetravel.com\/wp-content\/uploads\/2020\/06\/barranquilla_tour_galapa_artesanias-1.jpg","width":600,"height":400},{"@type":"BreadcrumbList","@id":"https:\/\/papayotetravel.com\/acerca-colombia\/acerca-de-eje-cafetero\/#breadcrumb","itemListElement":[{"@type":"ListItem","position":1,"name":"Home","item":"https:\/\/papayotetravel.com\/"},{"@type":"ListItem","position":2,"name":"Acerca de Colombia","item":"https:\/\/papayotetravel.com\/acerca-colombia\/"},{"@type":"ListItem","position":3,"name":"Acerca de Eje Cafetero"}]},{"@type":"WebSite","@id":"https:\/\/papayotetravel.com\/#website","url":"https:\/\/papayotetravel.com\/","name":"Papayote Travel","description":"Vive con Nosotros una Experiencia Inolvidable","publisher":{"@id":"https:\/\/papayotetravel.com\/#organization"},"potentialAction":[{"@type":"SearchAction","target":{"@type":"EntryPoint","urlTemplate":"https:\/\/papayotetravel.com\/?s={search_term_string}"},"query-input":{"@type":"PropertyValueSpecification","valueRequired":true,"valueName":"search_term_string"}}],"inLanguage":"en-US"},{"@type":"Organization","@id":"https:\/\/papayotetravel.com\/#organization","name":"Papayo DMC","url":"https:\/\/papayotetravel.com\/","logo":{"@type":"ImageObject","inLanguage":"en-US","@id":"https:\/\/papayotetravel.com\/#\/schema\/logo\/image\/","url":"https:\/\/papayotetravel.com\/wp-content\/uploads\/2020\/03\/logo-papayote-travel.png","contentUrl":"https:\/\/papayotetravel.com\/wp-content\/uploads\/2020\/03\/logo-papayote-travel.png","width":154,"height":117,"caption":"Papayo DMC"},"image":{"@id":"https:\/\/papayotetravel.com\/#\/schema\/logo\/image\/"},"sameAs":["https:\/\/www.facebook.com\/PapayoteTravel"]}]}},"_links":{"self":[{"href":"https:\/\/papayotetravel.com\/en\/wp-json\/wp\/v2\/pages\/17540","targetHints":{"allow":["GET"]}}],"collection":[{"href":"https:\/\/papayotetravel.com\/en\/wp-json\/wp\/v2\/pages"}],"about":[{"href":"https:\/\/papayotetravel.com\/en\/wp-json\/wp\/v2\/types\/page"}],"author":[{"embeddable":true,"href":"https:\/\/papayotetravel.com\/en\/wp-json\/wp\/v2\/users\/7290"}],"replies":[{"embeddable":true,"href":"https:\/\/papayotetravel.com\/en\/wp-json\/wp\/v2\/comments?post=17540"}],"version-history":[{"count":23,"href":"https:\/\/papayotetravel.com\/en\/wp-json\/wp\/v2\/pages\/17540\/revisions"}],"predecessor-version":[{"id":18594,"href":"https:\/\/papayotetravel.com\/en\/wp-json\/wp\/v2\/pages\/17540\/revisions\/18594"}],"up":[{"embeddable":true,"href":"https:\/\/papayotetravel.com\/en\/wp-json\/wp\/v2\/pages\/15046"}],"wp:featuredmedia":[{"embeddable":true,"href":"https:\/\/papayotetravel.com\/en\/wp-json\/wp\/v2\/media\/14993"}],"wp:attachment":[{"href":"https:\/\/papayotetravel.com\/en\/wp-json\/wp\/v2\/media?parent=17540"}],"curies":[{"name":"wp","href":"https:\/\/api.w.org\/{rel}","templated":true}]}}