{"id":14529,"date":"2020-09-01T07:55:50","date_gmt":"2020-09-01T12:55:50","guid":{"rendered":"https:\/\/papayotetravel.com\/?page_id=14529"},"modified":"2024-09-19T10:54:28","modified_gmt":"2024-09-19T15:54:28","slug":"acerca-de-nosotros","status":"publish","type":"page","link":"https:\/\/papayotetravel.com\/en\/acerca-de-nosotros\/","title":{"rendered":"About us"},"content":{"rendered":"<div data-elementor-type=\"wp-page\" data-elementor-id=\"14529\" class=\"elementor elementor-14529\" data-elementor-post-type=\"page\">\n\t\t\t\t<div class=\"elementor-element elementor-element-32c316c e-con-full e-flex e-con e-parent\" data-id=\"32c316c\" data-element_type=\"container\" data-e-type=\"container\" data-settings=\"{&quot;background_background&quot;:&quot;classic&quot;}\">\n\t\t<div class=\"elementor-element elementor-element-59a63839 e-con-full e-flex e-con e-child\" data-id=\"59a63839\" data-element_type=\"container\" data-e-type=\"container\">\n\t\t\t\t<div class=\"elementor-element elementor-element-578facf elementor-widget elementor-widget-heading\" data-id=\"578facf\" data-element_type=\"widget\" data-e-type=\"widget\" data-widget_type=\"heading.default\">\n\t\t\t\t<div class=\"elementor-widget-container\">\n\t\t\t\t\t<h4 class=\"elementor-heading-title elementor-size-default\">The best travel experiences<\/h4>\t\t\t\t<\/div>\n\t\t\t\t<\/div>\n\t\t\t\t<div class=\"elementor-element elementor-element-5232268e elementor-widget elementor-widget-heading\" data-id=\"5232268e\" data-element_type=\"widget\" data-e-type=\"widget\" data-widget_type=\"heading.default\">\n\t\t\t\t<div class=\"elementor-widget-container\">\n\t\t\t\t\t<h2 class=\"elementor-heading-title elementor-size-default\">About us<\/h2>\t\t\t\t<\/div>\n\t\t\t\t<\/div>\n\t\t\t\t<\/div>\n\t\t\t\t<\/div>\n\t\t<div class=\"elementor-element elementor-element-6e6482c5 e-grid e-con-boxed e-con e-parent\" data-id=\"6e6482c5\" data-element_type=\"container\" data-e-type=\"container\" data-settings=\"{&quot;background_background&quot;:&quot;classic&quot;}\">\n\t\t\t\t\t<div class=\"e-con-inner\">\n\t\t<div class=\"elementor-element elementor-element-1ad0abaa e-con-full e-flex e-con e-child\" data-id=\"1ad0abaa\" data-element_type=\"container\" data-e-type=\"container\">\n\t\t<div class=\"elementor-element elementor-element-4ac57894 e-con-full e-flex e-con e-child\" data-id=\"4ac57894\" data-element_type=\"container\" data-e-type=\"container\">\n\t\t\t\t<div class=\"elementor-element elementor-element-1bc05cc8 elementor-widget__width-auto elementor-widget-tablet__width-inherit elementor-widget elementor-widget-text-editor\" data-id=\"1bc05cc8\" data-element_type=\"widget\" data-e-type=\"widget\" data-widget_type=\"text-editor.default\">\n\t\t\t\t<div class=\"elementor-widget-container\">\n\t\t\t\t\t\t\t\t\t<p>Discover Colombia with us<\/p>\t\t\t\t\t\t\t\t<\/div>\n\t\t\t\t<\/div>\n\t\t\t\t<div class=\"elementor-element elementor-element-4f3a8a98 elementor-widget__width-initial elementor-widget elementor-widget-text-editor\" data-id=\"4f3a8a98\" data-element_type=\"widget\" data-e-type=\"widget\" data-widget_type=\"text-editor.default\">\n\t\t\t\t<div class=\"elementor-widget-container\">\n\t\t\t\t\t\t\t\t\t<p>Who is Papayote?<\/p>\t\t\t\t\t\t\t\t<\/div>\n\t\t\t\t<\/div>\n\t\t\t\t<\/div>\n\t\t\t\t<div class=\"elementor-element elementor-element-2ccd7522 elementor-widget__width-inherit elementor-widget elementor-widget-text-editor\" data-id=\"2ccd7522\" data-element_type=\"widget\" data-e-type=\"widget\" data-widget_type=\"text-editor.default\">\n\t\t\t\t<div class=\"elementor-widget-container\">\n\t\t\t\t\t\t\t\t\t<p>We are a group of professionals with more than 12 years of experience in tourism and events. We specialize in designing tailor-made packages, with authentic and real experiences, touring wonderful places.<\/p><p>We do it through work based on knowledge, teamwork and a trained staff. Each member works on their specialty in order to offer the best service.<\/p>\t\t\t\t\t\t\t\t<\/div>\n\t\t\t\t<\/div>\n\t\t\t\t<\/div>\n\t\t<div class=\"elementor-element elementor-element-12c1dcd1 e-con-full e-flex e-con e-child\" data-id=\"12c1dcd1\" data-element_type=\"container\" data-e-type=\"container\">\n\t\t\t\t<div class=\"elementor-element elementor-element-ef845e8 elementor-widget__width-inherit elementor-widget elementor-widget-image\" data-id=\"ef845e8\" data-element_type=\"widget\" data-e-type=\"widget\" data-widget_type=\"image.default\">\n\t\t\t\t<div class=\"elementor-widget-container\">\n\t\t\t\t\t\t\t\t\t\t\t\t\t\t\t<img fetchpriority=\"high\" decoding=\"async\" width=\"1440\" height=\"640\" src=\"https:\/\/papayotetravel.com\/wp-content\/uploads\/2024\/06\/papayote.png\" class=\"attachment-full size-full wp-image-18329\" alt=\"\" srcset=\"https:\/\/papayotetravel.com\/wp-content\/uploads\/2024\/06\/papayote.png 1440w, https:\/\/papayotetravel.com\/wp-content\/uploads\/2024\/06\/papayote-300x133.png 300w, https:\/\/papayotetravel.com\/wp-content\/uploads\/2024\/06\/papayote-1280x569.png 1280w, https:\/\/papayotetravel.com\/wp-content\/uploads\/2024\/06\/papayote-768x341.png 768w, https:\/\/papayotetravel.com\/wp-content\/uploads\/2024\/06\/papayote-18x8.png 18w\" sizes=\"(max-width: 1440px) 100vw, 1440px\" \/>\t\t\t\t\t\t\t\t\t\t\t\t\t\t\t<\/div>\n\t\t\t\t<\/div>\n\t\t\t\t<\/div>\n\t\t\t\t\t<\/div>\n\t\t\t\t<\/div>\n\t\t<div class=\"elementor-element elementor-element-923a3c7 e-flex e-con-boxed e-con e-parent\" data-id=\"923a3c7\" data-element_type=\"container\" data-e-type=\"container\">\n\t\t\t\t\t<div class=\"e-con-inner\">\n\t\t\t\t<div class=\"elementor-element elementor-element-68a4435 elementor-widget elementor-widget-heading\" data-id=\"68a4435\" data-element_type=\"widget\" data-e-type=\"widget\" data-widget_type=\"heading.default\">\n\t\t\t\t<div class=\"elementor-widget-container\">\n\t\t\t\t\t<h3 class=\"elementor-heading-title elementor-size-default\">Dedicate to enjoying youself and don't worry about anything!<\/h3>\t\t\t\t<\/div>\n\t\t\t\t<\/div>\n\t\t\t\t\t<\/div>\n\t\t\t\t<\/div>\n\t\t<div class=\"elementor-element elementor-element-3780ad15 e-flex e-con-boxed e-con e-parent\" data-id=\"3780ad15\" data-element_type=\"container\" data-e-type=\"container\">\n\t\t\t\t\t<div class=\"e-con-inner\">\n\t\t<div class=\"elementor-element elementor-element-3fdbd993 e-con-full e-flex e-con e-child\" data-id=\"3fdbd993\" data-element_type=\"container\" data-e-type=\"container\">\n\t\t\t\t<div class=\"elementor-element elementor-element-410f3a6 elementor-widget elementor-widget-image\" data-id=\"410f3a6\" data-element_type=\"widget\" data-e-type=\"widget\" data-widget_type=\"image.default\">\n\t\t\t\t<div class=\"elementor-widget-container\">\n\t\t\t\t\t\t\t\t\t\t\t\t\t\t\t<img decoding=\"async\" width=\"1280\" height=\"960\" src=\"https:\/\/papayotetravel.com\/wp-content\/uploads\/2020\/09\/WhatsApp_Image_2020-04-27_at_1.13.23_PM_7.jpeg\" class=\"attachment-full size-full wp-image-14538\" alt=\"\" srcset=\"https:\/\/papayotetravel.com\/wp-content\/uploads\/2020\/09\/WhatsApp_Image_2020-04-27_at_1.13.23_PM_7.jpeg 1280w, https:\/\/papayotetravel.com\/wp-content\/uploads\/2020\/09\/WhatsApp_Image_2020-04-27_at_1.13.23_PM_7-768x576.jpeg 768w, https:\/\/papayotetravel.com\/wp-content\/uploads\/2020\/09\/WhatsApp_Image_2020-04-27_at_1.13.23_PM_7-560x420.jpeg 560w\" sizes=\"(max-width: 1280px) 100vw, 1280px\" \/>\t\t\t\t\t\t\t\t\t\t\t\t\t\t\t<\/div>\n\t\t\t\t<\/div>\n\t\t\t\t<\/div>\n\t\t<div class=\"elementor-element elementor-element-344f4cf7 e-con-full e-flex e-con e-child\" data-id=\"344f4cf7\" data-element_type=\"container\" data-e-type=\"container\" data-settings=\"{&quot;background_background&quot;:&quot;classic&quot;}\">\n\t\t\t\t<div class=\"elementor-element elementor-element-7017469c elementor-widget__width-inherit elementor-widget elementor-widget-text-editor\" data-id=\"7017469c\" data-element_type=\"widget\" data-e-type=\"widget\" data-widget_type=\"text-editor.default\">\n\t\t\t\t<div class=\"elementor-widget-container\">\n\t\t\t\t\t\t\t\t\t<p>We take care of everything. We work on your needs and expectations.<\/p><p>Papayote Travel is a destination management company (DMC) that offers a variety of tours and trips in different regions and cities of Colombia.<\/p><p>We have office in Medellin and Palomino, and offer operation in the destinations top from Colombia.<\/p><p>We have offices in Medellin and Palomino, and offer operations in Colombia's top destinations.<\/p>\t\t\t\t\t\t\t\t<\/div>\n\t\t\t\t<\/div>\n\t\t\t\t<\/div>\n\t\t\t\t\t<\/div>\n\t\t\t\t<\/div>\n\t\t<div class=\"elementor-element elementor-element-853280e e-flex e-con-boxed e-con e-parent\" data-id=\"853280e\" data-element_type=\"container\" data-e-type=\"container\" data-settings=\"{&quot;background_background&quot;:&quot;classic&quot;}\">\n\t\t\t\t\t<div class=\"e-con-inner\">\n\t\t\t\t<div class=\"elementor-element elementor-element-8e4a5b9 elementor-widget elementor-widget-heading\" data-id=\"8e4a5b9\" data-element_type=\"widget\" data-e-type=\"widget\" data-widget_type=\"heading.default\">\n\t\t\t\t<div class=\"elementor-widget-container\">\n\t\t\t\t\t<h3 class=\"elementor-heading-title elementor-size-default\">National ground operation<\/h3>\t\t\t\t<\/div>\n\t\t\t\t<\/div>\n\t\t\t\t\t<\/div>\n\t\t\t\t<\/div>\n\t\t<div class=\"elementor-element elementor-element-bff3d89 e-flex e-con-boxed e-con e-parent\" data-id=\"bff3d89\" data-element_type=\"container\" data-e-type=\"container\" data-settings=\"{&quot;background_background&quot;:&quot;classic&quot;}\">\n\t\t\t\t\t<div class=\"e-con-inner\">\n\t\t<div class=\"elementor-element elementor-element-5db8a250 e-con-full e-flex e-con e-child\" data-id=\"5db8a250\" data-element_type=\"container\" data-e-type=\"container\">\n\t\t\t\t<div class=\"elementor-element elementor-element-11b7c20 elementor-widget elementor-widget-image\" data-id=\"11b7c20\" data-element_type=\"widget\" data-e-type=\"widget\" data-widget_type=\"image.default\">\n\t\t\t\t<div class=\"elementor-widget-container\">\n\t\t\t\t\t\t\t\t\t\t\t\t\t\t\t<img decoding=\"async\" width=\"2560\" height=\"2560\" src=\"https:\/\/papayotetravel.com\/wp-content\/uploads\/2020\/10\/170617_A358-scaled.jpg\" class=\"attachment-full size-full wp-image-15064\" alt=\"\" srcset=\"https:\/\/papayotetravel.com\/wp-content\/uploads\/2020\/10\/170617_A358-scaled.jpg 2560w, https:\/\/papayotetravel.com\/wp-content\/uploads\/2020\/10\/170617_A358-300x300.jpg 300w, https:\/\/papayotetravel.com\/wp-content\/uploads\/2020\/10\/170617_A358-150x150.jpg 150w, https:\/\/papayotetravel.com\/wp-content\/uploads\/2020\/10\/170617_A358-1536x1536.jpg 1536w, https:\/\/papayotetravel.com\/wp-content\/uploads\/2020\/10\/170617_A358-2048x2048.jpg 2048w, https:\/\/papayotetravel.com\/wp-content\/uploads\/2020\/10\/170617_A358-100x100.jpg 100w\" sizes=\"(max-width: 2560px) 100vw, 2560px\" \/>\t\t\t\t\t\t\t\t\t\t\t\t\t\t\t<\/div>\n\t\t\t\t<\/div>\n\t\t\t\t<\/div>\n\t\t<div class=\"elementor-element elementor-element-481dc6a5 e-con-full e-flex e-con e-child\" data-id=\"481dc6a5\" data-element_type=\"container\" data-e-type=\"container\" data-settings=\"{&quot;background_background&quot;:&quot;classic&quot;}\">\n\t\t\t\t<div class=\"elementor-element elementor-element-2cc3437f elementor-widget__width-inherit elementor-widget elementor-widget-text-editor\" data-id=\"2cc3437f\" data-element_type=\"widget\" data-e-type=\"widget\" data-widget_type=\"text-editor.default\">\n\t\t\t\t<div class=\"elementor-widget-container\">\n\t\t\t\t\t\t\t\t\t<ul><li>Operation National Land<\/li><li>Charming and beautiful hotels<\/li><li>B2B System to buy and book online<\/li><li>We own an Ecological and Wellness Hotel - EL MATUY (Tayrona- Palomino)<\/li><li>We organize retreats and events<\/li><li>Bilingual guides<\/li><li>Logistic organization during trips<\/li><li>24\/7 service<\/li><\/ul>\t\t\t\t\t\t\t\t<\/div>\n\t\t\t\t<\/div>\n\t\t\t\t<\/div>\n\t\t\t\t\t<\/div>\n\t\t\t\t<\/div>\n\t\t\t\t<\/div>","protected":false},"excerpt":{"rendered":"<p>Las mejores experiencias tur\u00edsticas Nosotros Descubre Colombia con nosotros \u00bfQui\u00e9n es Papayote? Somos un grupo de profesionales con m\u00e1s de 12 a\u00f1os de experiencia en el sector tur\u00edstico y de eventos. Nos especializamos en dise\u00f1ar paquetes a la medida, con experiencias aut\u00e9nticas y reales, recorriendo lugares maravillosos. Lo hacemos a trav\u00e9s de un trabajo en [&hellip;]<\/p>\n","protected":false},"author":7290,"featured_media":14538,"parent":0,"menu_order":0,"comment_status":"closed","ping_status":"closed","template":"","meta":{"footnotes":""},"class_list":["post-14529","page","type-page","status-publish","has-post-thumbnail","hentry"],"yoast_head":"<!-- This site is optimized with the Yoast SEO plugin v27.3 - https:\/\/yoast.com\/product\/yoast-seo-wordpress\/ -->\n<title>Acerca de nosotros - Papayote Travel<\/title>\n<meta name=\"robots\" content=\"index, follow, max-snippet:-1, max-image-preview:large, max-video-preview:-1\" \/>\n<link rel=\"canonical\" href=\"https:\/\/papayotetravel.com\/en\/acerca-de-nosotros\/\" \/>\n<meta name=\"twitter:label1\" content=\"Est. reading time\" \/>\n\t<meta name=\"twitter:data1\" content=\"2 minutes\" \/>\n<script type=\"application\/ld+json\" class=\"yoast-schema-graph\">{\"@context\":\"https:\\\/\\\/schema.org\",\"@graph\":[{\"@type\":\"WebPage\",\"@id\":\"https:\\\/\\\/papayotetravel.com\\\/acerca-de-nosotros\\\/\",\"url\":\"https:\\\/\\\/papayotetravel.com\\\/acerca-de-nosotros\\\/\",\"name\":\"Acerca de nosotros - Papayote Travel\",\"isPartOf\":{\"@id\":\"https:\\\/\\\/papayotetravel.com\\\/#website\"},\"primaryImageOfPage\":{\"@id\":\"https:\\\/\\\/papayotetravel.com\\\/acerca-de-nosotros\\\/#primaryimage\"},\"image\":{\"@id\":\"https:\\\/\\\/papayotetravel.com\\\/acerca-de-nosotros\\\/#primaryimage\"},\"thumbnailUrl\":\"https:\\\/\\\/papayotetravel.com\\\/wp-content\\\/uploads\\\/2020\\\/09\\\/WhatsApp_Image_2020-04-27_at_1.13.23_PM_7.jpeg\",\"datePublished\":\"2020-09-01T12:55:50+00:00\",\"dateModified\":\"2024-09-19T15:54:28+00:00\",\"breadcrumb\":{\"@id\":\"https:\\\/\\\/papayotetravel.com\\\/acerca-de-nosotros\\\/#breadcrumb\"},\"inLanguage\":\"en-US\",\"potentialAction\":[{\"@type\":\"ReadAction\",\"target\":[\"https:\\\/\\\/papayotetravel.com\\\/acerca-de-nosotros\\\/\"]}]},{\"@type\":\"ImageObject\",\"inLanguage\":\"en-US\",\"@id\":\"https:\\\/\\\/papayotetravel.com\\\/acerca-de-nosotros\\\/#primaryimage\",\"url\":\"https:\\\/\\\/papayotetravel.com\\\/wp-content\\\/uploads\\\/2020\\\/09\\\/WhatsApp_Image_2020-04-27_at_1.13.23_PM_7.jpeg\",\"contentUrl\":\"https:\\\/\\\/papayotetravel.com\\\/wp-content\\\/uploads\\\/2020\\\/09\\\/WhatsApp_Image_2020-04-27_at_1.13.23_PM_7.jpeg\",\"width\":1280,\"height\":960},{\"@type\":\"BreadcrumbList\",\"@id\":\"https:\\\/\\\/papayotetravel.com\\\/acerca-de-nosotros\\\/#breadcrumb\",\"itemListElement\":[{\"@type\":\"ListItem\",\"position\":1,\"name\":\"Home\",\"item\":\"https:\\\/\\\/papayotetravel.com\\\/\"},{\"@type\":\"ListItem\",\"position\":2,\"name\":\"Acerca de nosotros\"}]},{\"@type\":\"WebSite\",\"@id\":\"https:\\\/\\\/papayotetravel.com\\\/#website\",\"url\":\"https:\\\/\\\/papayotetravel.com\\\/\",\"name\":\"Papayote Travel\",\"description\":\"Vive con Nosotros una Experiencia Inolvidable\",\"publisher\":{\"@id\":\"https:\\\/\\\/papayotetravel.com\\\/#organization\"},\"potentialAction\":[{\"@type\":\"SearchAction\",\"target\":{\"@type\":\"EntryPoint\",\"urlTemplate\":\"https:\\\/\\\/papayotetravel.com\\\/?s={search_term_string}\"},\"query-input\":{\"@type\":\"PropertyValueSpecification\",\"valueRequired\":true,\"valueName\":\"search_term_string\"}}],\"inLanguage\":\"en-US\"},{\"@type\":\"Organization\",\"@id\":\"https:\\\/\\\/papayotetravel.com\\\/#organization\",\"name\":\"Papayo DMC\",\"url\":\"https:\\\/\\\/papayotetravel.com\\\/\",\"logo\":{\"@type\":\"ImageObject\",\"inLanguage\":\"en-US\",\"@id\":\"https:\\\/\\\/papayotetravel.com\\\/#\\\/schema\\\/logo\\\/image\\\/\",\"url\":\"https:\\\/\\\/papayotetravel.com\\\/wp-content\\\/uploads\\\/2020\\\/03\\\/logo-papayote-travel.png\",\"contentUrl\":\"https:\\\/\\\/papayotetravel.com\\\/wp-content\\\/uploads\\\/2020\\\/03\\\/logo-papayote-travel.png\",\"width\":154,\"height\":117,\"caption\":\"Papayo DMC\"},\"image\":{\"@id\":\"https:\\\/\\\/papayotetravel.com\\\/#\\\/schema\\\/logo\\\/image\\\/\"},\"sameAs\":[\"https:\\\/\\\/www.facebook.com\\\/PapayoteTravel\"]}]}<\/script>\n<!-- \/ Yoast SEO plugin. -->","yoast_head_json":{"title":"Acerca de nosotros - Papayote Travel","robots":{"index":"index","follow":"follow","max-snippet":"max-snippet:-1","max-image-preview":"max-image-preview:large","max-video-preview":"max-video-preview:-1"},"canonical":"https:\/\/papayotetravel.com\/en\/acerca-de-nosotros\/","twitter_misc":{"Est. reading time":"2 minutes"},"schema":{"@context":"https:\/\/schema.org","@graph":[{"@type":"WebPage","@id":"https:\/\/papayotetravel.com\/acerca-de-nosotros\/","url":"https:\/\/papayotetravel.com\/acerca-de-nosotros\/","name":"Acerca de nosotros - Papayote Travel","isPartOf":{"@id":"https:\/\/papayotetravel.com\/#website"},"primaryImageOfPage":{"@id":"https:\/\/papayotetravel.com\/acerca-de-nosotros\/#primaryimage"},"image":{"@id":"https:\/\/papayotetravel.com\/acerca-de-nosotros\/#primaryimage"},"thumbnailUrl":"https:\/\/papayotetravel.com\/wp-content\/uploads\/2020\/09\/WhatsApp_Image_2020-04-27_at_1.13.23_PM_7.jpeg","datePublished":"2020-09-01T12:55:50+00:00","dateModified":"2024-09-19T15:54:28+00:00","breadcrumb":{"@id":"https:\/\/papayotetravel.com\/acerca-de-nosotros\/#breadcrumb"},"inLanguage":"en-US","potentialAction":[{"@type":"ReadAction","target":["https:\/\/papayotetravel.com\/acerca-de-nosotros\/"]}]},{"@type":"ImageObject","inLanguage":"en-US","@id":"https:\/\/papayotetravel.com\/acerca-de-nosotros\/#primaryimage","url":"https:\/\/papayotetravel.com\/wp-content\/uploads\/2020\/09\/WhatsApp_Image_2020-04-27_at_1.13.23_PM_7.jpeg","contentUrl":"https:\/\/papayotetravel.com\/wp-content\/uploads\/2020\/09\/WhatsApp_Image_2020-04-27_at_1.13.23_PM_7.jpeg","width":1280,"height":960},{"@type":"BreadcrumbList","@id":"https:\/\/papayotetravel.com\/acerca-de-nosotros\/#breadcrumb","itemListElement":[{"@type":"ListItem","position":1,"name":"Home","item":"https:\/\/papayotetravel.com\/"},{"@type":"ListItem","position":2,"name":"Acerca de nosotros"}]},{"@type":"WebSite","@id":"https:\/\/papayotetravel.com\/#website","url":"https:\/\/papayotetravel.com\/","name":"Papayote Travel","description":"Vive con Nosotros una Experiencia Inolvidable","publisher":{"@id":"https:\/\/papayotetravel.com\/#organization"},"potentialAction":[{"@type":"SearchAction","target":{"@type":"EntryPoint","urlTemplate":"https:\/\/papayotetravel.com\/?s={search_term_string}"},"query-input":{"@type":"PropertyValueSpecification","valueRequired":true,"valueName":"search_term_string"}}],"inLanguage":"en-US"},{"@type":"Organization","@id":"https:\/\/papayotetravel.com\/#organization","name":"Papayo DMC","url":"https:\/\/papayotetravel.com\/","logo":{"@type":"ImageObject","inLanguage":"en-US","@id":"https:\/\/papayotetravel.com\/#\/schema\/logo\/image\/","url":"https:\/\/papayotetravel.com\/wp-content\/uploads\/2020\/03\/logo-papayote-travel.png","contentUrl":"https:\/\/papayotetravel.com\/wp-content\/uploads\/2020\/03\/logo-papayote-travel.png","width":154,"height":117,"caption":"Papayo DMC"},"image":{"@id":"https:\/\/papayotetravel.com\/#\/schema\/logo\/image\/"},"sameAs":["https:\/\/www.facebook.com\/PapayoteTravel"]}]}},"_links":{"self":[{"href":"https:\/\/papayotetravel.com\/en\/wp-json\/wp\/v2\/pages\/14529","targetHints":{"allow":["GET"]}}],"collection":[{"href":"https:\/\/papayotetravel.com\/en\/wp-json\/wp\/v2\/pages"}],"about":[{"href":"https:\/\/papayotetravel.com\/en\/wp-json\/wp\/v2\/types\/page"}],"author":[{"embeddable":true,"href":"https:\/\/papayotetravel.com\/en\/wp-json\/wp\/v2\/users\/7290"}],"replies":[{"embeddable":true,"href":"https:\/\/papayotetravel.com\/en\/wp-json\/wp\/v2\/comments?post=14529"}],"version-history":[{"count":45,"href":"https:\/\/papayotetravel.com\/en\/wp-json\/wp\/v2\/pages\/14529\/revisions"}],"predecessor-version":[{"id":18618,"href":"https:\/\/papayotetravel.com\/en\/wp-json\/wp\/v2\/pages\/14529\/revisions\/18618"}],"wp:featuredmedia":[{"embeddable":true,"href":"https:\/\/papayotetravel.com\/en\/wp-json\/wp\/v2\/media\/14538"}],"wp:attachment":[{"href":"https:\/\/papayotetravel.com\/en\/wp-json\/wp\/v2\/media?parent=14529"}],"curies":[{"name":"wp","href":"https:\/\/api.w.org\/{rel}","templated":true}]}}