{"id":14198,"date":"2020-08-05T20:03:52","date_gmt":"2020-08-06T01:03:52","guid":{"rendered":"https:\/\/papayotetravel.com\/?page_id=14198"},"modified":"2024-09-19T10:58:08","modified_gmt":"2024-09-19T15:58:08","slug":"fundacion-monica-uribe","status":"publish","type":"page","link":"https:\/\/papayotetravel.com\/en\/fundacion-monica-uribe\/","title":{"rendered":"Monica Uribe Foundation"},"content":{"rendered":"<div data-elementor-type=\"wp-page\" data-elementor-id=\"14198\" class=\"elementor elementor-14198\" data-elementor-post-type=\"page\">\n\t\t\t\t<div class=\"elementor-element elementor-element-44560d93 e-con-full e-flex e-con e-parent\" data-id=\"44560d93\" data-element_type=\"container\" data-e-type=\"container\" data-settings=\"{&quot;background_background&quot;:&quot;classic&quot;}\">\n\t\t<div class=\"elementor-element elementor-element-1da637c1 e-con-full e-flex e-con e-child\" data-id=\"1da637c1\" data-element_type=\"container\" data-e-type=\"container\">\n\t\t\t\t<div class=\"elementor-element elementor-element-6668a15f elementor-widget elementor-widget-heading\" data-id=\"6668a15f\" data-element_type=\"widget\" data-e-type=\"widget\" data-widget_type=\"heading.default\">\n\t\t\t\t<div class=\"elementor-widget-container\">\n\t\t\t\t\t<h4 class=\"elementor-heading-title elementor-size-default\">Our Social Work<\/h4>\t\t\t\t<\/div>\n\t\t\t\t<\/div>\n\t\t\t\t<div class=\"elementor-element elementor-element-10e4ebf3 elementor-widget elementor-widget-heading\" data-id=\"10e4ebf3\" data-element_type=\"widget\" data-e-type=\"widget\" data-widget_type=\"heading.default\">\n\t\t\t\t<div class=\"elementor-widget-container\">\n\t\t\t\t\t<h2 class=\"elementor-heading-title elementor-size-default\">Monica Uribe Foundation<\/h2>\t\t\t\t<\/div>\n\t\t\t\t<\/div>\n\t\t\t\t<\/div>\n\t\t\t\t<\/div>\n\t\t<div class=\"elementor-element elementor-element-5ccf7de3 e-grid e-con-boxed e-con e-parent\" data-id=\"5ccf7de3\" data-element_type=\"container\" data-e-type=\"container\" data-settings=\"{&quot;background_background&quot;:&quot;classic&quot;}\">\n\t\t\t\t\t<div class=\"e-con-inner\">\n\t\t<div class=\"elementor-element elementor-element-3ab1186d e-con-full e-flex e-con e-child\" data-id=\"3ab1186d\" data-element_type=\"container\" data-e-type=\"container\">\n\t\t<div class=\"elementor-element elementor-element-3a1e9e68 e-con-full e-flex e-con e-child\" data-id=\"3a1e9e68\" data-element_type=\"container\" data-e-type=\"container\">\n\t\t\t\t<div class=\"elementor-element elementor-element-1c023aac elementor-widget__width-auto elementor-widget-tablet__width-inherit elementor-widget elementor-widget-text-editor\" data-id=\"1c023aac\" data-element_type=\"widget\" data-e-type=\"widget\" data-widget_type=\"text-editor.default\">\n\t\t\t\t<div class=\"elementor-widget-container\">\n\t\t\t\t\t\t\t\t\t<p>Fundaci\u00f3n<\/p>\t\t\t\t\t\t\t\t<\/div>\n\t\t\t\t<\/div>\n\t\t\t\t<div class=\"elementor-element elementor-element-72c61991 elementor-widget__width-initial elementor-widget elementor-widget-text-editor\" data-id=\"72c61991\" data-element_type=\"widget\" data-e-type=\"widget\" data-widget_type=\"text-editor.default\">\n\t\t\t\t<div class=\"elementor-widget-container\">\n\t\t\t\t\t\t\t\t\t<p>\u201cPor Amor\u201d - M\u00f3nica Uribe<\/p>\t\t\t\t\t\t\t\t<\/div>\n\t\t\t\t<\/div>\n\t\t\t\t<\/div>\n\t\t\t\t<div class=\"elementor-element elementor-element-19a5ffdf elementor-widget__width-inherit elementor-widget elementor-widget-text-editor\" data-id=\"19a5ffdf\" data-element_type=\"widget\" data-e-type=\"widget\" data-widget_type=\"text-editor.default\">\n\t\t\t\t<div class=\"elementor-widget-container\">\n\t\t\t\t\t\t\t\t\t<p>The M\u00f3nica Uribe \u201cPor Amor\u201d Foundation is a non-profit organization, established with the objective of providing comprehensive care to people with Spina Bifida throughout the country, mainly in the city of Medell\u00edn.<\/p><p>Since 1999 we have developed support and habilitation programs, aimed at enabling better living conditions for our beneficiaries and their families. Currently, more than 360 children and young people are part of our Foundation, with whom we have achieved a positive balance in the different areas of development: physical and mental health, habilitation, training, family care, recreation and social integration.<\/p>\t\t\t\t\t\t\t\t<\/div>\n\t\t\t\t<\/div>\n\t\t\t\t<\/div>\n\t\t<div class=\"elementor-element elementor-element-4e0b4bc5 e-con-full e-flex e-con e-child\" data-id=\"4e0b4bc5\" data-element_type=\"container\" data-e-type=\"container\">\n\t\t\t\t<div class=\"elementor-element elementor-element-17c3f693 elementor-widget__width-inherit elementor-widget elementor-widget-image\" data-id=\"17c3f693\" data-element_type=\"widget\" data-e-type=\"widget\" data-widget_type=\"image.default\">\n\t\t\t\t<div class=\"elementor-widget-container\">\n\t\t\t\t\t\t\t\t\t\t\t\t\t\t\t<img decoding=\"async\" src=\"https:\/\/papayotetravel.com\/wp-content\/uploads\/2024\/06\/fundacion.png\" title=\"fundacion\" alt=\"fundacion\" loading=\"lazy\" \/>\t\t\t\t\t\t\t\t\t\t\t\t\t\t\t<\/div>\n\t\t\t\t<\/div>\n\t\t\t\t<\/div>\n\t\t\t\t\t<\/div>\n\t\t\t\t<\/div>\n\t\t\t\t<\/div>","protected":false},"excerpt":{"rendered":"<p>Nuestra Labor Social Fundaci\u00f3n M\u00f3nica Uribe Fundaci\u00f3n Por amor &#8211; M\u00f3nica Uribe La Fundaci\u00f3n M\u00f3nica Uribe Por Amor es una entidad sin \u00e1nimo de lucro, constituida con el objetivo de brindar atenci\u00f3n integral a personas con Espina B\u00edfida en todo el pa\u00eds, principalmente en la ciudad de Medell\u00edn. Desde 1999 se han desarrollado programas de [&hellip;]<\/p>\n","protected":false},"author":7290,"featured_media":14203,"parent":0,"menu_order":0,"comment_status":"closed","ping_status":"closed","template":"","meta":{"footnotes":""},"class_list":["post-14198","page","type-page","status-publish","has-post-thumbnail","hentry"],"yoast_head":"<!-- This site is optimized with the Yoast SEO plugin v27.4 - https:\/\/yoast.com\/product\/yoast-seo-wordpress\/ -->\n<title>Fundaci\u00f3n M\u00f3nica Uribe - Papayote Travel<\/title>\n<meta name=\"robots\" content=\"index, follow, max-snippet:-1, max-image-preview:large, max-video-preview:-1\" \/>\n<link rel=\"canonical\" href=\"https:\/\/papayotetravel.com\/en\/fundacion-monica-uribe\/\" \/>\n<meta name=\"twitter:label1\" content=\"Est. reading time\" \/>\n\t<meta name=\"twitter:data1\" content=\"1 minute\" \/>\n<script type=\"application\/ld+json\" class=\"yoast-schema-graph\">{\"@context\":\"https:\\\/\\\/schema.org\",\"@graph\":[{\"@type\":\"WebPage\",\"@id\":\"https:\\\/\\\/papayotetravel.com\\\/fundacion-monica-uribe\\\/\",\"url\":\"https:\\\/\\\/papayotetravel.com\\\/fundacion-monica-uribe\\\/\",\"name\":\"Fundaci\u00f3n M\u00f3nica Uribe - Papayote Travel\",\"isPartOf\":{\"@id\":\"https:\\\/\\\/papayotetravel.com\\\/#website\"},\"primaryImageOfPage\":{\"@id\":\"https:\\\/\\\/papayotetravel.com\\\/fundacion-monica-uribe\\\/#primaryimage\"},\"image\":{\"@id\":\"https:\\\/\\\/papayotetravel.com\\\/fundacion-monica-uribe\\\/#primaryimage\"},\"thumbnailUrl\":\"https:\\\/\\\/papayotetravel.com\\\/wp-content\\\/uploads\\\/2020\\\/08\\\/papayote_fundacion_monica_uribe.jpg\",\"datePublished\":\"2020-08-06T01:03:52+00:00\",\"dateModified\":\"2024-09-19T15:58:08+00:00\",\"breadcrumb\":{\"@id\":\"https:\\\/\\\/papayotetravel.com\\\/fundacion-monica-uribe\\\/#breadcrumb\"},\"inLanguage\":\"en-US\",\"potentialAction\":[{\"@type\":\"ReadAction\",\"target\":[\"https:\\\/\\\/papayotetravel.com\\\/fundacion-monica-uribe\\\/\"]}]},{\"@type\":\"ImageObject\",\"inLanguage\":\"en-US\",\"@id\":\"https:\\\/\\\/papayotetravel.com\\\/fundacion-monica-uribe\\\/#primaryimage\",\"url\":\"https:\\\/\\\/papayotetravel.com\\\/wp-content\\\/uploads\\\/2020\\\/08\\\/papayote_fundacion_monica_uribe.jpg\",\"contentUrl\":\"https:\\\/\\\/papayotetravel.com\\\/wp-content\\\/uploads\\\/2020\\\/08\\\/papayote_fundacion_monica_uribe.jpg\",\"width\":1280,\"height\":720},{\"@type\":\"BreadcrumbList\",\"@id\":\"https:\\\/\\\/papayotetravel.com\\\/fundacion-monica-uribe\\\/#breadcrumb\",\"itemListElement\":[{\"@type\":\"ListItem\",\"position\":1,\"name\":\"Home\",\"item\":\"https:\\\/\\\/papayotetravel.com\\\/\"},{\"@type\":\"ListItem\",\"position\":2,\"name\":\"Fundaci\u00f3n M\u00f3nica Uribe\"}]},{\"@type\":\"WebSite\",\"@id\":\"https:\\\/\\\/papayotetravel.com\\\/#website\",\"url\":\"https:\\\/\\\/papayotetravel.com\\\/\",\"name\":\"Papayote Travel\",\"description\":\"Vive con Nosotros una Experiencia Inolvidable\",\"publisher\":{\"@id\":\"https:\\\/\\\/papayotetravel.com\\\/#organization\"},\"potentialAction\":[{\"@type\":\"SearchAction\",\"target\":{\"@type\":\"EntryPoint\",\"urlTemplate\":\"https:\\\/\\\/papayotetravel.com\\\/?s={search_term_string}\"},\"query-input\":{\"@type\":\"PropertyValueSpecification\",\"valueRequired\":true,\"valueName\":\"search_term_string\"}}],\"inLanguage\":\"en-US\"},{\"@type\":\"Organization\",\"@id\":\"https:\\\/\\\/papayotetravel.com\\\/#organization\",\"name\":\"Papayo DMC\",\"url\":\"https:\\\/\\\/papayotetravel.com\\\/\",\"logo\":{\"@type\":\"ImageObject\",\"inLanguage\":\"en-US\",\"@id\":\"https:\\\/\\\/papayotetravel.com\\\/#\\\/schema\\\/logo\\\/image\\\/\",\"url\":\"https:\\\/\\\/papayotetravel.com\\\/wp-content\\\/uploads\\\/2020\\\/03\\\/logo-papayote-travel.png\",\"contentUrl\":\"https:\\\/\\\/papayotetravel.com\\\/wp-content\\\/uploads\\\/2020\\\/03\\\/logo-papayote-travel.png\",\"width\":154,\"height\":117,\"caption\":\"Papayo DMC\"},\"image\":{\"@id\":\"https:\\\/\\\/papayotetravel.com\\\/#\\\/schema\\\/logo\\\/image\\\/\"},\"sameAs\":[\"https:\\\/\\\/www.facebook.com\\\/PapayoteTravel\"]}]}<\/script>\n<!-- \/ Yoast SEO plugin. -->","yoast_head_json":{"title":"Fundaci\u00f3n M\u00f3nica Uribe - Papayote Travel","robots":{"index":"index","follow":"follow","max-snippet":"max-snippet:-1","max-image-preview":"max-image-preview:large","max-video-preview":"max-video-preview:-1"},"canonical":"https:\/\/papayotetravel.com\/en\/fundacion-monica-uribe\/","twitter_misc":{"Est. reading time":"1 minute"},"schema":{"@context":"https:\/\/schema.org","@graph":[{"@type":"WebPage","@id":"https:\/\/papayotetravel.com\/fundacion-monica-uribe\/","url":"https:\/\/papayotetravel.com\/fundacion-monica-uribe\/","name":"Fundaci\u00f3n M\u00f3nica Uribe - Papayote Travel","isPartOf":{"@id":"https:\/\/papayotetravel.com\/#website"},"primaryImageOfPage":{"@id":"https:\/\/papayotetravel.com\/fundacion-monica-uribe\/#primaryimage"},"image":{"@id":"https:\/\/papayotetravel.com\/fundacion-monica-uribe\/#primaryimage"},"thumbnailUrl":"https:\/\/papayotetravel.com\/wp-content\/uploads\/2020\/08\/papayote_fundacion_monica_uribe.jpg","datePublished":"2020-08-06T01:03:52+00:00","dateModified":"2024-09-19T15:58:08+00:00","breadcrumb":{"@id":"https:\/\/papayotetravel.com\/fundacion-monica-uribe\/#breadcrumb"},"inLanguage":"en-US","potentialAction":[{"@type":"ReadAction","target":["https:\/\/papayotetravel.com\/fundacion-monica-uribe\/"]}]},{"@type":"ImageObject","inLanguage":"en-US","@id":"https:\/\/papayotetravel.com\/fundacion-monica-uribe\/#primaryimage","url":"https:\/\/papayotetravel.com\/wp-content\/uploads\/2020\/08\/papayote_fundacion_monica_uribe.jpg","contentUrl":"https:\/\/papayotetravel.com\/wp-content\/uploads\/2020\/08\/papayote_fundacion_monica_uribe.jpg","width":1280,"height":720},{"@type":"BreadcrumbList","@id":"https:\/\/papayotetravel.com\/fundacion-monica-uribe\/#breadcrumb","itemListElement":[{"@type":"ListItem","position":1,"name":"Home","item":"https:\/\/papayotetravel.com\/"},{"@type":"ListItem","position":2,"name":"Fundaci\u00f3n M\u00f3nica Uribe"}]},{"@type":"WebSite","@id":"https:\/\/papayotetravel.com\/#website","url":"https:\/\/papayotetravel.com\/","name":"Papayote Travel","description":"Vive con Nosotros una Experiencia Inolvidable","publisher":{"@id":"https:\/\/papayotetravel.com\/#organization"},"potentialAction":[{"@type":"SearchAction","target":{"@type":"EntryPoint","urlTemplate":"https:\/\/papayotetravel.com\/?s={search_term_string}"},"query-input":{"@type":"PropertyValueSpecification","valueRequired":true,"valueName":"search_term_string"}}],"inLanguage":"en-US"},{"@type":"Organization","@id":"https:\/\/papayotetravel.com\/#organization","name":"Papayo DMC","url":"https:\/\/papayotetravel.com\/","logo":{"@type":"ImageObject","inLanguage":"en-US","@id":"https:\/\/papayotetravel.com\/#\/schema\/logo\/image\/","url":"https:\/\/papayotetravel.com\/wp-content\/uploads\/2020\/03\/logo-papayote-travel.png","contentUrl":"https:\/\/papayotetravel.com\/wp-content\/uploads\/2020\/03\/logo-papayote-travel.png","width":154,"height":117,"caption":"Papayo DMC"},"image":{"@id":"https:\/\/papayotetravel.com\/#\/schema\/logo\/image\/"},"sameAs":["https:\/\/www.facebook.com\/PapayoteTravel"]}]}},"_links":{"self":[{"href":"https:\/\/papayotetravel.com\/en\/wp-json\/wp\/v2\/pages\/14198","targetHints":{"allow":["GET"]}}],"collection":[{"href":"https:\/\/papayotetravel.com\/en\/wp-json\/wp\/v2\/pages"}],"about":[{"href":"https:\/\/papayotetravel.com\/en\/wp-json\/wp\/v2\/types\/page"}],"author":[{"embeddable":true,"href":"https:\/\/papayotetravel.com\/en\/wp-json\/wp\/v2\/users\/7290"}],"replies":[{"embeddable":true,"href":"https:\/\/papayotetravel.com\/en\/wp-json\/wp\/v2\/comments?post=14198"}],"version-history":[{"count":42,"href":"https:\/\/papayotetravel.com\/en\/wp-json\/wp\/v2\/pages\/14198\/revisions"}],"predecessor-version":[{"id":18633,"href":"https:\/\/papayotetravel.com\/en\/wp-json\/wp\/v2\/pages\/14198\/revisions\/18633"}],"wp:featuredmedia":[{"embeddable":true,"href":"https:\/\/papayotetravel.com\/en\/wp-json\/wp\/v2\/media\/14203"}],"wp:attachment":[{"href":"https:\/\/papayotetravel.com\/en\/wp-json\/wp\/v2\/media?parent=14198"}],"curies":[{"name":"wp","href":"https:\/\/api.w.org\/{rel}","templated":true}]}}